{"id":96186,"date":"2024-08-06T14:16:19","date_gmt":"2024-08-06T18:16:19","guid":{"rendered":"https:\/\/www.lebouquet.com\/alstroemeria-sunny-lady-yellow\/"},"modified":"2026-03-27T09:47:09","modified_gmt":"2026-03-27T13:47:09","slug":"alstroemeria-jaune-sunny-lady","status":"publish","type":"product","link":"https:\/\/fleursenvracmtl.com\/fr\/alstroemeria-jaune-sunny-lady\/","title":{"rendered":"Alstroemeria jaune \u2013 Sunny Lady"},"content":{"rendered":"<p>Vendues <strong>en vrac par bottes<\/strong>, les <strong>alstroemeria jaunes \u2013 vari\u00e9t\u00e9 Sunny Lady<\/strong> se distinguent par leur couleur jaune lumineuse et la r\u00e9gularit\u00e9 de leur floraison. Cette vari\u00e9t\u00e9 apporte fra\u00eecheur et clart\u00e9 aux cr\u00e9ations florales n\u00e9cessitant des tons vifs et lumineux.<\/p>\n<p>Reconnues pour leur <strong>excellente tenue en vase<\/strong> et leur robustesse, les alstroemeria conviennent aux bouquets, centres de table, d\u00e9cors \u00e9v\u00e9nementiels et installations florales de grande ampleur. Chaque tige porte plusieurs fleurs, permettant de composer des arrangements g\u00e9n\u00e9reux avec un nombre r\u00e9duit de tiges.<\/p>\n<p>Exp\u00e9di\u00e9es directement de la ferme, les alstroemeria arrivent <strong>non pr\u00e9par\u00e9es<\/strong> et n\u00e9cessitent une pr\u00e9paration standard avant utilisation, incluant la coupe des tiges et le retrait du feuillage inf\u00e9rieur. Comme pour toutes les <strong>fleurs en vrac<\/strong>, des variations naturelles de teinte, de taille des fleurs et de longueur des tiges peuvent survenir.<\/p>\n<hr>\n<h3><strong>Caract\u00e9ristiques principales<\/strong><\/h3>\n<p><strong>Type de fleur :<\/strong> Alstroemeria (lis des Incas)<\/p>\n<p><strong>Couleur :<\/strong> Jaune<\/p>\n<p><strong>Vari\u00e9t\u00e9 :<\/strong> Sunny Lady<\/p>\n<p><strong>Qualit\u00e9 :<\/strong> Perfection<\/p>\n<p><strong>Longueur des tiges :<\/strong> environ 20 \u00e0 28 pouces<\/p>\n<p><strong>Conditionnement :<\/strong> fleurs en vrac, vendues par bottes<\/p>\n<p><strong>Id\u00e9al pour :<\/strong> \u00e9v\u00e9nements, bouquets, centres de table et projets floraux de grande envergure<\/p>\n","protected":false},"excerpt":{"rendered":"<p>Vendues en vrac par bottes, les alstroemeria jaunes \u2013 vari\u00e9t\u00e9 Sunny Lady se distinguent par leur couleur jaune lumineuse et la r\u00e9gularit\u00e9 de leur floraison. Cette vari\u00e9t\u00e9 apporte fra\u00eecheur et clart\u00e9 aux cr\u00e9ations florales n\u00e9cessitant des tons vifs et lumineux. Reconnues pour leur excellente tenue en vase et leur robustesse, les alstroemeria conviennent aux bouquets, [&hellip;]<\/p>\n","protected":false},"featured_media":96176,"comment_status":"open","ping_status":"closed","template":"","meta":{"_acf_changed":false},"recipe":[],"product_brand":[],"product_cat":[17770,17769,17169],"product_tag":[],"class_list":{"0":"post-96186","1":"product","2":"type-product","3":"status-publish","4":"has-post-thumbnail","6":"product_cat-alstroemeria-en-vrac","7":"product_cat-bulk-alstroemeria","8":"product_cat-fleurs-en-vrac","10":"first","11":"instock","12":"shipping-taxable","13":"purchasable","14":"product-type-simple"},"acf":[],"yoast_head":"<!-- This site is optimized with the Yoast SEO Premium plugin v25.2 (Yoast SEO v26.2) - https:\/\/yoast.com\/wordpress\/plugins\/seo\/ -->\n<title>Yellow Alstroemeria \u2013 Sunny Lady | Bulk Flowers Montreal<\/title>\n<meta name=\"description\" content=\"Yellow alstroemeria, Sunny Lady variety, sold by the bunch in Montreal. Long-lasting flowers suited for events, bouquets, and large floral designs.\" \/>\n<meta name=\"robots\" content=\"index, follow, max-snippet:-1, max-image-preview:large, max-video-preview:-1\" \/>\n<link rel=\"canonical\" href=\"https:\/\/fleursenvracmtl.com\/fr\/alstroemeria-jaune-sunny-lady\/\" \/>\n<meta property=\"og:locale\" content=\"fr_FR\" \/>\n<meta property=\"og:type\" content=\"article\" \/>\n<meta property=\"og:title\" content=\"Alstroemeria jaune \u2013 Sunny Lady\" \/>\n<meta property=\"og:description\" content=\"Yellow alstroemeria, Sunny Lady variety, sold by the bunch in Montreal. Long-lasting flowers suited for events, bouquets, and large floral designs.\" \/>\n<meta property=\"og:url\" content=\"https:\/\/fleursenvracmtl.com\/fr\/alstroemeria-jaune-sunny-lady\/\" \/>\n<meta property=\"og:site_name\" content=\"Fleurs en Vrac Mtl\" \/>\n<meta property=\"article:publisher\" content=\"https:\/\/www.facebook.com\/LeBouquetMTL\/\" \/>\n<meta property=\"article:modified_time\" content=\"2026-03-27T13:47:09+00:00\" \/>\n<meta property=\"og:image\" content=\"https:\/\/fleursenvracmtl.com\/wp-content\/uploads\/2024\/08\/AL-PSLA-Alstroemeria-Sunny-Lady-Yellow-Bunch-1200.jpg\" \/>\n\t<meta property=\"og:image:width\" content=\"1200\" \/>\n\t<meta property=\"og:image:height\" content=\"1200\" \/>\n\t<meta property=\"og:image:type\" content=\"image\/jpeg\" \/>\n<meta name=\"twitter:card\" content=\"summary_large_image\" \/>\n<meta name=\"twitter:label1\" content=\"Prix\" \/>\n\t<meta name=\"twitter:data1\" content=\"&#036;0.00\" \/>\n\t<meta name=\"twitter:label2\" content=\"Disponibilit\u00e9\" \/>\n\t<meta name=\"twitter:data2\" content=\"En stock\" \/>\n<script type=\"application\/ld+json\" class=\"yoast-schema-graph\">{\"@context\":\"https:\/\/schema.org\",\"@graph\":[{\"@type\":\"WebPage\",\"@id\":\"https:\/\/fleursenvracmtl.com\/fr\/alstroemeria-jaune-sunny-lady\/\",\"url\":\"https:\/\/fleursenvracmtl.com\/fr\/alstroemeria-jaune-sunny-lady\/\",\"name\":\"Yellow Alstroemeria \u2013 Sunny Lady | Bulk Flowers Montreal\",\"isPartOf\":{\"@id\":\"https:\/\/fleursenvracmtl.com\/en\/#website\"},\"primaryImageOfPage\":{\"@id\":\"https:\/\/fleursenvracmtl.com\/fr\/alstroemeria-jaune-sunny-lady\/#primaryimage\"},\"image\":{\"@id\":\"https:\/\/fleursenvracmtl.com\/fr\/alstroemeria-jaune-sunny-lady\/#primaryimage\"},\"thumbnailUrl\":\"https:\/\/fleursenvracmtl.com\/wp-content\/uploads\/2024\/08\/AL-PSLA-Alstroemeria-Sunny-Lady-Yellow-Bunch-1200.jpg\",\"datePublished\":\"2024-08-06T18:16:19+00:00\",\"dateModified\":\"2026-03-27T13:47:09+00:00\",\"description\":\"Yellow alstroemeria, Sunny Lady variety, sold by the bunch in Montreal. Long-lasting flowers suited for events, bouquets, and large floral designs.\",\"breadcrumb\":{\"@id\":\"https:\/\/fleursenvracmtl.com\/fr\/alstroemeria-jaune-sunny-lady\/#breadcrumb\"},\"inLanguage\":\"fr-FR\",\"potentialAction\":[{\"@type\":\"ReadAction\",\"target\":[\"https:\/\/fleursenvracmtl.com\/fr\/alstroemeria-jaune-sunny-lady\/\"]}]},{\"@type\":\"ImageObject\",\"inLanguage\":\"fr-FR\",\"@id\":\"https:\/\/fleursenvracmtl.com\/fr\/alstroemeria-jaune-sunny-lady\/#primaryimage\",\"url\":\"https:\/\/fleursenvracmtl.com\/wp-content\/uploads\/2024\/08\/AL-PSLA-Alstroemeria-Sunny-Lady-Yellow-Bunch-1200.jpg\",\"contentUrl\":\"https:\/\/fleursenvracmtl.com\/wp-content\/uploads\/2024\/08\/AL-PSLA-Alstroemeria-Sunny-Lady-Yellow-Bunch-1200.jpg\",\"width\":1200,\"height\":1200,\"caption\":\"Alstroemeria Sunny Lady Yellow Bunch\"},{\"@type\":\"BreadcrumbList\",\"@id\":\"https:\/\/fleursenvracmtl.com\/fr\/alstroemeria-jaune-sunny-lady\/#breadcrumb\",\"itemListElement\":[{\"@type\":\"ListItem\",\"position\":1,\"name\":\"Home\",\"item\":\"https:\/\/fleursenvracmtl.com\/fr\/\"},{\"@type\":\"ListItem\",\"position\":2,\"name\":\"Shop\",\"item\":\"https:\/\/fleursenvracmtl.com\/en\/shop\/\"},{\"@type\":\"ListItem\",\"position\":3,\"name\":\"Alstroemeria jaune \u2013 Sunny Lady\"}]},{\"@type\":\"WebSite\",\"@id\":\"https:\/\/fleursenvracmtl.com\/en\/#website\",\"url\":\"https:\/\/fleursenvracmtl.com\/en\/\",\"name\":\"Fleurs en Vrac MTL\",\"description\":\"Fleurs en Vrac Mtl - Bulk flower by Le Bouquet\",\"alternateName\":\"Fleurs en Vrac MTL\",\"potentialAction\":[{\"@type\":\"SearchAction\",\"target\":{\"@type\":\"EntryPoint\",\"urlTemplate\":\"https:\/\/fleursenvracmtl.com\/en\/?s={search_term_string}\"},\"query-input\":{\"@type\":\"PropertyValueSpecification\",\"valueRequired\":true,\"valueName\":\"search_term_string\"}}],\"inLanguage\":\"fr-FR\"}]}<\/script>\n<meta property=\"product:price:amount\" content=\"0.00\" \/>\n<meta property=\"product:price:currency\" content=\"CAD\" \/>\n<meta property=\"og:availability\" content=\"instock\" \/>\n<meta property=\"product:availability\" content=\"instock\" \/>\n<meta property=\"product:condition\" content=\"new\" \/>\n<!-- \/ Yoast SEO Premium plugin. -->","yoast_head_json":{"title":"Yellow Alstroemeria \u2013 Sunny Lady | Bulk Flowers Montreal","description":"Yellow alstroemeria, Sunny Lady variety, sold by the bunch in Montreal. Long-lasting flowers suited for events, bouquets, and large floral designs.","robots":{"index":"index","follow":"follow","max-snippet":"max-snippet:-1","max-image-preview":"max-image-preview:large","max-video-preview":"max-video-preview:-1"},"canonical":"https:\/\/fleursenvracmtl.com\/fr\/alstroemeria-jaune-sunny-lady\/","og_locale":"fr_FR","og_type":"article","og_title":"Alstroemeria jaune \u2013 Sunny Lady","og_description":"Yellow alstroemeria, Sunny Lady variety, sold by the bunch in Montreal. Long-lasting flowers suited for events, bouquets, and large floral designs.","og_url":"https:\/\/fleursenvracmtl.com\/fr\/alstroemeria-jaune-sunny-lady\/","og_site_name":"Fleurs en Vrac Mtl","article_publisher":"https:\/\/www.facebook.com\/LeBouquetMTL\/","article_modified_time":"2026-03-27T13:47:09+00:00","og_image":[{"width":1200,"height":1200,"url":"https:\/\/fleursenvracmtl.com\/wp-content\/uploads\/2024\/08\/AL-PSLA-Alstroemeria-Sunny-Lady-Yellow-Bunch-1200.jpg","type":"image\/jpeg"}],"twitter_card":"summary_large_image","twitter_misc":{"Prix":"&#36;0.00","Disponibilit\u00e9":"En stock"},"schema":{"@context":"https:\/\/schema.org","@graph":[{"@type":"WebPage","@id":"https:\/\/fleursenvracmtl.com\/fr\/alstroemeria-jaune-sunny-lady\/","url":"https:\/\/fleursenvracmtl.com\/fr\/alstroemeria-jaune-sunny-lady\/","name":"Yellow Alstroemeria \u2013 Sunny Lady | Bulk Flowers Montreal","isPartOf":{"@id":"https:\/\/fleursenvracmtl.com\/en\/#website"},"primaryImageOfPage":{"@id":"https:\/\/fleursenvracmtl.com\/fr\/alstroemeria-jaune-sunny-lady\/#primaryimage"},"image":{"@id":"https:\/\/fleursenvracmtl.com\/fr\/alstroemeria-jaune-sunny-lady\/#primaryimage"},"thumbnailUrl":"https:\/\/fleursenvracmtl.com\/wp-content\/uploads\/2024\/08\/AL-PSLA-Alstroemeria-Sunny-Lady-Yellow-Bunch-1200.jpg","datePublished":"2024-08-06T18:16:19+00:00","dateModified":"2026-03-27T13:47:09+00:00","description":"Yellow alstroemeria, Sunny Lady variety, sold by the bunch in Montreal. Long-lasting flowers suited for events, bouquets, and large floral designs.","breadcrumb":{"@id":"https:\/\/fleursenvracmtl.com\/fr\/alstroemeria-jaune-sunny-lady\/#breadcrumb"},"inLanguage":"fr-FR","potentialAction":[{"@type":"ReadAction","target":["https:\/\/fleursenvracmtl.com\/fr\/alstroemeria-jaune-sunny-lady\/"]}]},{"@type":"ImageObject","inLanguage":"fr-FR","@id":"https:\/\/fleursenvracmtl.com\/fr\/alstroemeria-jaune-sunny-lady\/#primaryimage","url":"https:\/\/fleursenvracmtl.com\/wp-content\/uploads\/2024\/08\/AL-PSLA-Alstroemeria-Sunny-Lady-Yellow-Bunch-1200.jpg","contentUrl":"https:\/\/fleursenvracmtl.com\/wp-content\/uploads\/2024\/08\/AL-PSLA-Alstroemeria-Sunny-Lady-Yellow-Bunch-1200.jpg","width":1200,"height":1200,"caption":"Alstroemeria Sunny Lady Yellow Bunch"},{"@type":"BreadcrumbList","@id":"https:\/\/fleursenvracmtl.com\/fr\/alstroemeria-jaune-sunny-lady\/#breadcrumb","itemListElement":[{"@type":"ListItem","position":1,"name":"Home","item":"https:\/\/fleursenvracmtl.com\/fr\/"},{"@type":"ListItem","position":2,"name":"Shop","item":"https:\/\/fleursenvracmtl.com\/en\/shop\/"},{"@type":"ListItem","position":3,"name":"Alstroemeria jaune \u2013 Sunny Lady"}]},{"@type":"WebSite","@id":"https:\/\/fleursenvracmtl.com\/en\/#website","url":"https:\/\/fleursenvracmtl.com\/en\/","name":"Fleurs en Vrac MTL","description":"Fleurs en Vrac Mtl - Bulk flower by Le Bouquet","alternateName":"Fleurs en Vrac MTL","potentialAction":[{"@type":"SearchAction","target":{"@type":"EntryPoint","urlTemplate":"https:\/\/fleursenvracmtl.com\/en\/?s={search_term_string}"},"query-input":{"@type":"PropertyValueSpecification","valueRequired":true,"valueName":"search_term_string"}}],"inLanguage":"fr-FR"}]},"product_price_amount":"0.00","product_price_currency":"CAD","og_availability":"instock","product_availability":"instock","product_condition":"new"},"_links":{"self":[{"href":"https:\/\/fleursenvracmtl.com\/fr\/wp-json\/wp\/v2\/product\/96186","targetHints":{"allow":["GET"]}}],"collection":[{"href":"https:\/\/fleursenvracmtl.com\/fr\/wp-json\/wp\/v2\/product"}],"about":[{"href":"https:\/\/fleursenvracmtl.com\/fr\/wp-json\/wp\/v2\/types\/product"}],"replies":[{"embeddable":true,"href":"https:\/\/fleursenvracmtl.com\/fr\/wp-json\/wp\/v2\/comments?post=96186"}],"wp:featuredmedia":[{"embeddable":true,"href":"https:\/\/fleursenvracmtl.com\/fr\/wp-json\/wp\/v2\/media\/96176"}],"wp:attachment":[{"href":"https:\/\/fleursenvracmtl.com\/fr\/wp-json\/wp\/v2\/media?parent=96186"}],"wp:term":[{"taxonomy":"recipe","embeddable":true,"href":"https:\/\/fleursenvracmtl.com\/fr\/wp-json\/wp\/v2\/recipe?post=96186"},{"taxonomy":"product_brand","embeddable":true,"href":"https:\/\/fleursenvracmtl.com\/fr\/wp-json\/wp\/v2\/product_brand?post=96186"},{"taxonomy":"product_cat","embeddable":true,"href":"https:\/\/fleursenvracmtl.com\/fr\/wp-json\/wp\/v2\/product_cat?post=96186"},{"taxonomy":"product_tag","embeddable":true,"href":"https:\/\/fleursenvracmtl.com\/fr\/wp-json\/wp\/v2\/product_tag?post=96186"}],"curies":[{"name":"wp","href":"https:\/\/api.w.org\/{rel}","templated":true}]}}