{"id":98122,"date":"2024-09-30T08:59:10","date_gmt":"2024-09-30T12:59:10","guid":{"rendered":"https:\/\/www.lebouquet.com\/green-cremon-disbud-chrysanthemums-bulk-diy\/"},"modified":"2026-03-28T02:10:20","modified_gmt":"2026-03-28T06:10:20","slug":"chrysanthemes-cremon-disbud-verts","status":"publish","type":"product","link":"https:\/\/fleursenvracmtl.com\/fr\/chrysanthemes-cremon-disbud-verts\/","title":{"rendered":"Chrysanth\u00e8mes Cremon Disbud verts"},"content":{"rendered":"<p>Apportez une touche audacieuse de vert \u00e0 vos arrangements floraux avec nos chrysanth\u00e8mes Cremon Disbud verts de premi\u00e8re qualit\u00e9. Ces magnifiques fleurs, avec leur forme sph\u00e9rique unique, ajoutent une touche \u00e9l\u00e9gante et marquante \u00e0 tout bouquet ou centre de table.<\/p>\n<p>Cultiv\u00e9es avec soin par nos partenaires de confiance, chaque tige est soigneusement prot\u00e9g\u00e9e par un filet pour assurer un transport s\u00e9curis\u00e9. Afin de pr\u00e9server leur apparence \u00e9clatante, nous recommandons de nettoyer les tiges avant utilisation.<\/p>\n<p><strong>\u00c9galement disponibles en <\/strong><a href=\"https:\/\/fleursenvracmtl.com\/fr\/chrysanthemes-cremon-disbud-jaunes\/\">jaune<\/a>, <a href=\"https:\/\/fleursenvracmtl.com\/fr\/chrysanthemes-cremon-disbud-mauves\/\">mauve<\/a>, <a href=\"https:\/\/fleursenvracmtl.com\/fr\/chrysanthemes-cremon-disbud-lavande\/\">lavande <\/a>et <a href=\"https:\/\/fleursenvracmtl.com\/fr\/chrysanthemes-cremon-disbud-blancs\/\">blanc <\/a>elles conviennent \u00e0 tous types d&rsquo;occasions et permettent une grande polyvalence pour vos cr\u00e9ations florales.<\/p>\n<p><strong>Caract\u00e9ristiques principales :<\/strong><\/p>\n<ul>\n<li><strong>Nombre de tiges par lot<\/strong> : Disponible en lots de 10, 30, 60, 120 et 180 tiges<\/li>\n<li><strong>Entretien<\/strong> : Livr\u00e9 avec un filet de protection ; n\u00e9cessite un nettoyage avant utilisation<\/li>\n<li><strong>Pr\u00e9avis de commande<\/strong> : Veuillez passer votre commande au moins 2 semaines \u00e0 l&rsquo;avance pour garantir la disponibilit\u00e9<\/li>\n<\/ul>\n<p>Parfait pour les mariages, grands \u00e9v\u00e9nements, ou tout design floral n\u00e9cessitant une touche de vert vif ou d&rsquo;autres couleurs vibrantes. Avec leur apparence charmante et distinctive, ces Cremon Disbud ne manqueront pas de faire sensation.<\/p>\n","protected":false},"excerpt":{"rendered":"<p>Apportez une touche audacieuse de vert \u00e0 vos arrangements floraux avec nos chrysanth\u00e8mes Cremon Disbud verts de premi\u00e8re qualit\u00e9. Ces magnifiques fleurs, avec leur forme sph\u00e9rique unique, ajoutent une touche \u00e9l\u00e9gante et marquante \u00e0 tout bouquet ou centre de table. Cultiv\u00e9es avec soin par nos partenaires de confiance, chaque tige est soigneusement prot\u00e9g\u00e9e par un [&hellip;]<\/p>\n","protected":false},"featured_media":98137,"comment_status":"open","ping_status":"closed","template":"","meta":{"_acf_changed":false},"recipe":[],"product_brand":[],"product_cat":[18341,17412,17169,18353,17453],"product_tag":[],"class_list":{"0":"post-98122","1":"product","2":"type-product","3":"status-publish","4":"has-post-thumbnail","6":"product_cat-fleurs-en-vrac-par-couleur","7":"product_cat-bulk-daisies-chrysanthemums","8":"product_cat-fleurs-en-vrac","9":"product_cat-fleurs-vertes-vrac","10":"product_cat-marguerites-et-chrysanthemes-en-vrac","12":"first","13":"instock","14":"shipping-taxable","15":"purchasable","16":"product-type-simple"},"acf":[],"yoast_head":"<!-- This site is optimized with the Yoast SEO Premium plugin v25.2 (Yoast SEO v26.2) - https:\/\/yoast.com\/wordpress\/plugins\/seo\/ -->\n<title>Green Cremon Disbud Chrysanthemums | Large Bloom Event Flowers<\/title>\n<meta name=\"description\" content=\"Shop Green Cremon Disbud Chrysanthemums with large, rounded blooms. Ideal for weddings, events, and statement floral arrangements.\" \/>\n<meta name=\"robots\" content=\"index, follow, max-snippet:-1, max-image-preview:large, max-video-preview:-1\" \/>\n<link rel=\"canonical\" href=\"https:\/\/fleursenvracmtl.com\/fr\/chrysanthemes-cremon-disbud-verts\/\" \/>\n<meta property=\"og:locale\" content=\"fr_FR\" \/>\n<meta property=\"og:type\" content=\"article\" \/>\n<meta property=\"og:title\" content=\"Chrysanth\u00e8mes Cremon Disbud verts\" \/>\n<meta property=\"og:description\" content=\"Shop Green Cremon Disbud Chrysanthemums with large, rounded blooms. Ideal for weddings, events, and statement floral arrangements.\" \/>\n<meta property=\"og:url\" content=\"https:\/\/fleursenvracmtl.com\/fr\/chrysanthemes-cremon-disbud-verts\/\" \/>\n<meta property=\"og:site_name\" content=\"Fleurs en Vrac Mtl\" \/>\n<meta property=\"article:publisher\" content=\"https:\/\/www.facebook.com\/LeBouquetMTL\/\" \/>\n<meta property=\"article:modified_time\" content=\"2026-03-28T06:10:20+00:00\" \/>\n<meta property=\"og:image\" content=\"https:\/\/fleursenvracmtl.com\/wp-content\/uploads\/2024\/09\/CRE-GR-Cremon-Disbud-Chrysanthemum-Green-Bunch.jpg\" \/>\n\t<meta property=\"og:image:width\" content=\"1200\" \/>\n\t<meta property=\"og:image:height\" content=\"1200\" \/>\n\t<meta property=\"og:image:type\" content=\"image\/jpeg\" \/>\n<meta name=\"twitter:card\" content=\"summary_large_image\" \/>\n<meta name=\"twitter:label1\" content=\"Prix\" \/>\n\t<meta name=\"twitter:data1\" content=\"&#036;0.00\" \/>\n\t<meta name=\"twitter:label2\" content=\"Disponibilit\u00e9\" \/>\n\t<meta name=\"twitter:data2\" content=\"En stock\" \/>\n<script type=\"application\/ld+json\" class=\"yoast-schema-graph\">{\"@context\":\"https:\/\/schema.org\",\"@graph\":[{\"@type\":\"WebPage\",\"@id\":\"https:\/\/fleursenvracmtl.com\/fr\/chrysanthemes-cremon-disbud-verts\/\",\"url\":\"https:\/\/fleursenvracmtl.com\/fr\/chrysanthemes-cremon-disbud-verts\/\",\"name\":\"Green Cremon Disbud Chrysanthemums | Large Bloom Event Flowers\",\"isPartOf\":{\"@id\":\"https:\/\/fleursenvracmtl.com\/en\/#website\"},\"primaryImageOfPage\":{\"@id\":\"https:\/\/fleursenvracmtl.com\/fr\/chrysanthemes-cremon-disbud-verts\/#primaryimage\"},\"image\":{\"@id\":\"https:\/\/fleursenvracmtl.com\/fr\/chrysanthemes-cremon-disbud-verts\/#primaryimage\"},\"thumbnailUrl\":\"https:\/\/fleursenvracmtl.com\/wp-content\/uploads\/2024\/09\/CRE-GR-Cremon-Disbud-Chrysanthemum-Green-Bunch.jpg\",\"datePublished\":\"2024-09-30T12:59:10+00:00\",\"dateModified\":\"2026-03-28T06:10:20+00:00\",\"description\":\"Shop Green Cremon Disbud Chrysanthemums with large, rounded blooms. Ideal for weddings, events, and statement floral arrangements.\",\"breadcrumb\":{\"@id\":\"https:\/\/fleursenvracmtl.com\/fr\/chrysanthemes-cremon-disbud-verts\/#breadcrumb\"},\"inLanguage\":\"fr-FR\",\"potentialAction\":[{\"@type\":\"ReadAction\",\"target\":[\"https:\/\/fleursenvracmtl.com\/fr\/chrysanthemes-cremon-disbud-verts\/\"]}]},{\"@type\":\"ImageObject\",\"inLanguage\":\"fr-FR\",\"@id\":\"https:\/\/fleursenvracmtl.com\/fr\/chrysanthemes-cremon-disbud-verts\/#primaryimage\",\"url\":\"https:\/\/fleursenvracmtl.com\/wp-content\/uploads\/2024\/09\/CRE-GR-Cremon-Disbud-Chrysanthemum-Green-Bunch.jpg\",\"contentUrl\":\"https:\/\/fleursenvracmtl.com\/wp-content\/uploads\/2024\/09\/CRE-GR-Cremon-Disbud-Chrysanthemum-Green-Bunch.jpg\",\"width\":1200,\"height\":1200,\"caption\":\"Cremon-Disbud-Chrysanthemum-Green\"},{\"@type\":\"BreadcrumbList\",\"@id\":\"https:\/\/fleursenvracmtl.com\/fr\/chrysanthemes-cremon-disbud-verts\/#breadcrumb\",\"itemListElement\":[{\"@type\":\"ListItem\",\"position\":1,\"name\":\"Home\",\"item\":\"https:\/\/fleursenvracmtl.com\/fr\/\"},{\"@type\":\"ListItem\",\"position\":2,\"name\":\"Shop\",\"item\":\"https:\/\/fleursenvracmtl.com\/en\/shop\/\"},{\"@type\":\"ListItem\",\"position\":3,\"name\":\"Chrysanth\u00e8mes Cremon Disbud verts\"}]},{\"@type\":\"WebSite\",\"@id\":\"https:\/\/fleursenvracmtl.com\/en\/#website\",\"url\":\"https:\/\/fleursenvracmtl.com\/en\/\",\"name\":\"Fleurs en Vrac MTL\",\"description\":\"Fleurs en Vrac Mtl - Bulk flower by Le Bouquet\",\"alternateName\":\"Fleurs en Vrac MTL\",\"potentialAction\":[{\"@type\":\"SearchAction\",\"target\":{\"@type\":\"EntryPoint\",\"urlTemplate\":\"https:\/\/fleursenvracmtl.com\/en\/?s={search_term_string}\"},\"query-input\":{\"@type\":\"PropertyValueSpecification\",\"valueRequired\":true,\"valueName\":\"search_term_string\"}}],\"inLanguage\":\"fr-FR\"}]}<\/script>\n<meta property=\"product:price:amount\" content=\"0.00\" \/>\n<meta property=\"product:price:currency\" content=\"CAD\" \/>\n<meta property=\"og:availability\" content=\"instock\" \/>\n<meta property=\"product:availability\" content=\"instock\" \/>\n<meta property=\"product:condition\" content=\"new\" \/>\n<!-- \/ Yoast SEO Premium plugin. -->","yoast_head_json":{"title":"Green Cremon Disbud Chrysanthemums | Large Bloom Event Flowers","description":"Shop Green Cremon Disbud Chrysanthemums with large, rounded blooms. Ideal for weddings, events, and statement floral arrangements.","robots":{"index":"index","follow":"follow","max-snippet":"max-snippet:-1","max-image-preview":"max-image-preview:large","max-video-preview":"max-video-preview:-1"},"canonical":"https:\/\/fleursenvracmtl.com\/fr\/chrysanthemes-cremon-disbud-verts\/","og_locale":"fr_FR","og_type":"article","og_title":"Chrysanth\u00e8mes Cremon Disbud verts","og_description":"Shop Green Cremon Disbud Chrysanthemums with large, rounded blooms. Ideal for weddings, events, and statement floral arrangements.","og_url":"https:\/\/fleursenvracmtl.com\/fr\/chrysanthemes-cremon-disbud-verts\/","og_site_name":"Fleurs en Vrac Mtl","article_publisher":"https:\/\/www.facebook.com\/LeBouquetMTL\/","article_modified_time":"2026-03-28T06:10:20+00:00","og_image":[{"width":1200,"height":1200,"url":"https:\/\/fleursenvracmtl.com\/wp-content\/uploads\/2024\/09\/CRE-GR-Cremon-Disbud-Chrysanthemum-Green-Bunch.jpg","type":"image\/jpeg"}],"twitter_card":"summary_large_image","twitter_misc":{"Prix":"&#36;0.00","Disponibilit\u00e9":"En stock"},"schema":{"@context":"https:\/\/schema.org","@graph":[{"@type":"WebPage","@id":"https:\/\/fleursenvracmtl.com\/fr\/chrysanthemes-cremon-disbud-verts\/","url":"https:\/\/fleursenvracmtl.com\/fr\/chrysanthemes-cremon-disbud-verts\/","name":"Green Cremon Disbud Chrysanthemums | Large Bloom Event Flowers","isPartOf":{"@id":"https:\/\/fleursenvracmtl.com\/en\/#website"},"primaryImageOfPage":{"@id":"https:\/\/fleursenvracmtl.com\/fr\/chrysanthemes-cremon-disbud-verts\/#primaryimage"},"image":{"@id":"https:\/\/fleursenvracmtl.com\/fr\/chrysanthemes-cremon-disbud-verts\/#primaryimage"},"thumbnailUrl":"https:\/\/fleursenvracmtl.com\/wp-content\/uploads\/2024\/09\/CRE-GR-Cremon-Disbud-Chrysanthemum-Green-Bunch.jpg","datePublished":"2024-09-30T12:59:10+00:00","dateModified":"2026-03-28T06:10:20+00:00","description":"Shop Green Cremon Disbud Chrysanthemums with large, rounded blooms. Ideal for weddings, events, and statement floral arrangements.","breadcrumb":{"@id":"https:\/\/fleursenvracmtl.com\/fr\/chrysanthemes-cremon-disbud-verts\/#breadcrumb"},"inLanguage":"fr-FR","potentialAction":[{"@type":"ReadAction","target":["https:\/\/fleursenvracmtl.com\/fr\/chrysanthemes-cremon-disbud-verts\/"]}]},{"@type":"ImageObject","inLanguage":"fr-FR","@id":"https:\/\/fleursenvracmtl.com\/fr\/chrysanthemes-cremon-disbud-verts\/#primaryimage","url":"https:\/\/fleursenvracmtl.com\/wp-content\/uploads\/2024\/09\/CRE-GR-Cremon-Disbud-Chrysanthemum-Green-Bunch.jpg","contentUrl":"https:\/\/fleursenvracmtl.com\/wp-content\/uploads\/2024\/09\/CRE-GR-Cremon-Disbud-Chrysanthemum-Green-Bunch.jpg","width":1200,"height":1200,"caption":"Cremon-Disbud-Chrysanthemum-Green"},{"@type":"BreadcrumbList","@id":"https:\/\/fleursenvracmtl.com\/fr\/chrysanthemes-cremon-disbud-verts\/#breadcrumb","itemListElement":[{"@type":"ListItem","position":1,"name":"Home","item":"https:\/\/fleursenvracmtl.com\/fr\/"},{"@type":"ListItem","position":2,"name":"Shop","item":"https:\/\/fleursenvracmtl.com\/en\/shop\/"},{"@type":"ListItem","position":3,"name":"Chrysanth\u00e8mes Cremon Disbud verts"}]},{"@type":"WebSite","@id":"https:\/\/fleursenvracmtl.com\/en\/#website","url":"https:\/\/fleursenvracmtl.com\/en\/","name":"Fleurs en Vrac MTL","description":"Fleurs en Vrac Mtl - Bulk flower by Le Bouquet","alternateName":"Fleurs en Vrac MTL","potentialAction":[{"@type":"SearchAction","target":{"@type":"EntryPoint","urlTemplate":"https:\/\/fleursenvracmtl.com\/en\/?s={search_term_string}"},"query-input":{"@type":"PropertyValueSpecification","valueRequired":true,"valueName":"search_term_string"}}],"inLanguage":"fr-FR"}]},"product_price_amount":"0.00","product_price_currency":"CAD","og_availability":"instock","product_availability":"instock","product_condition":"new"},"_links":{"self":[{"href":"https:\/\/fleursenvracmtl.com\/fr\/wp-json\/wp\/v2\/product\/98122","targetHints":{"allow":["GET"]}}],"collection":[{"href":"https:\/\/fleursenvracmtl.com\/fr\/wp-json\/wp\/v2\/product"}],"about":[{"href":"https:\/\/fleursenvracmtl.com\/fr\/wp-json\/wp\/v2\/types\/product"}],"replies":[{"embeddable":true,"href":"https:\/\/fleursenvracmtl.com\/fr\/wp-json\/wp\/v2\/comments?post=98122"}],"wp:featuredmedia":[{"embeddable":true,"href":"https:\/\/fleursenvracmtl.com\/fr\/wp-json\/wp\/v2\/media\/98137"}],"wp:attachment":[{"href":"https:\/\/fleursenvracmtl.com\/fr\/wp-json\/wp\/v2\/media?parent=98122"}],"wp:term":[{"taxonomy":"recipe","embeddable":true,"href":"https:\/\/fleursenvracmtl.com\/fr\/wp-json\/wp\/v2\/recipe?post=98122"},{"taxonomy":"product_brand","embeddable":true,"href":"https:\/\/fleursenvracmtl.com\/fr\/wp-json\/wp\/v2\/product_brand?post=98122"},{"taxonomy":"product_cat","embeddable":true,"href":"https:\/\/fleursenvracmtl.com\/fr\/wp-json\/wp\/v2\/product_cat?post=98122"},{"taxonomy":"product_tag","embeddable":true,"href":"https:\/\/fleursenvracmtl.com\/fr\/wp-json\/wp\/v2\/product_tag?post=98122"}],"curies":[{"name":"wp","href":"https:\/\/api.w.org\/{rel}","templated":true}]}}