{"id":98131,"date":"2024-09-30T09:18:11","date_gmt":"2024-09-30T13:18:11","guid":{"rendered":"https:\/\/www.lebouquet.com\/white-cremon-disbud-chrysanthemums-bulk-diy\/"},"modified":"2026-03-27T10:13:15","modified_gmt":"2026-03-27T14:13:15","slug":"chrysanthemes-cremon-disbud-blancs","status":"publish","type":"product","link":"https:\/\/fleursenvracmtl.com\/fr\/chrysanthemes-cremon-disbud-blancs\/","title":{"rendered":"Chrysanth\u00e8mes Cremon Disbud blancs"},"content":{"rendered":"<p>Les chrysanth\u00e8mes Cremon Disbud blancs sont des chrysanth\u00e8mes \u00e0 grande fleur unique, reconnus pour leur couleur blanche pure et leur forme parfaitement ronde.<\/p>\n<p>Ils apportent l&rsquo;\u00e9l\u00e9gance intemporelle et l&rsquo;\u00e9quilibre aux arrangements floraux gr\u00e2ce \u00e0 leurs p\u00e9tales doux et abondants et leur forme sph\u00e9rique raffin\u00e9e. Leur teinte blanche en fait un choix classique et polyvalent, adapt\u00e9 aux compositions modernes comme traditionnelles.<\/p>\n<p>Tr\u00e8s utilis\u00e9s pour les mariages, les c\u00e9l\u00e9brations, les arrangements de sympathie et les \u00e9v\u00e9nements de grande envergure, ces chrysanth\u00e8mes s\u2019int\u00e8grent facilement \u00e0 toutes les palettes de couleurs tout en apportant structure et volume. Chaque fleur est prot\u00e9g\u00e9e par un filet afin de pr\u00e9server sa forme pendant le transport.<\/p>\n<p>Les chrysanth\u00e8mes Cremon disbud sont \u00e9galement offerts en <a href=\"https:\/\/fleursenvracmtl.com\/fr\/chrysanthemes-cremon-disbud-verts\/\">vert<\/a>, <a href=\"https:\/\/fleursenvracmtl.com\/fr\/chrysanthemes-cremon-disbud-lavande\/\">lavande<\/a>, <a href=\"https:\/\/fleursenvracmtl.com\/fr\/chrysanthemes-cremon-disbud-jaunes\/\">jaune<\/a> et <a href=\"https:\/\/fleursenvracmtl.com\/fr\/chrysanthemes-cremon-disbud-mauves\/\">mauve<\/a>, facilitant la cr\u00e9ation de concepts floraux harmonis\u00e9s pour tous types d\u2019\u00e9v\u00e9nements.<\/p>\n<h3><strong>Caract\u00e9ristiques<\/strong><\/h3>\n<p>Type de fleur : Chrysanth\u00e8me Cremon Disbud<\/p>\n<p>Couleur : Blanc<\/p>\n<p>Style de floraison : Fleur unique de grand format<\/p>\n<p>Protection : Fleur sous filet<\/p>\n<p>Quantit\u00e9s disponibles : 10, 30, 60, 120 ou 180 tiges<\/p>\n<p>Id\u00e9al pour : Mariages, \u00e9v\u00e9nements, installations florales, compositions de sympathie et arrangements d\u2019impact<\/p>\n<p>Commande \u00e0 l\u2019avance : Merci de commander au moins 2 semaines \u00e0 l\u2019avance pour les grandes quantit\u00e9s<\/p>\n","protected":false},"excerpt":{"rendered":"<p>Les chrysanth\u00e8mes Cremon Disbud blancs sont des chrysanth\u00e8mes \u00e0 grande fleur unique, reconnus pour leur couleur blanche pure et leur forme parfaitement ronde. Ils apportent l&rsquo;\u00e9l\u00e9gance intemporelle et l&rsquo;\u00e9quilibre aux arrangements floraux gr\u00e2ce \u00e0 leurs p\u00e9tales doux et abondants et leur forme sph\u00e9rique raffin\u00e9e. Leur teinte blanche en fait un choix classique et polyvalent, adapt\u00e9 [&hellip;]<\/p>\n","protected":false},"featured_media":98184,"comment_status":"open","ping_status":"closed","template":"","meta":{"_acf_changed":false},"recipe":[],"product_brand":[],"product_cat":[18341,17412,17169,18347,17453],"product_tag":[],"class_list":{"0":"post-98131","1":"product","2":"type-product","3":"status-publish","4":"has-post-thumbnail","6":"product_cat-fleurs-en-vrac-par-couleur","7":"product_cat-bulk-daisies-chrysanthemums","8":"product_cat-fleurs-en-vrac","9":"product_cat-fleurs-creme-blanches-vrac","10":"product_cat-marguerites-et-chrysanthemes-en-vrac","12":"first","13":"instock","14":"shipping-taxable","15":"purchasable","16":"product-type-simple"},"acf":[],"yoast_head":"<!-- This site is optimized with the Yoast SEO Premium plugin v25.2 (Yoast SEO v26.2) - https:\/\/yoast.com\/wordpress\/plugins\/seo\/ -->\n<title>White Cremon Disbud Chrysanthemums | Large Bloom Event Flowers<\/title>\n<meta name=\"description\" content=\"Shop White Cremon Disbud Chrysanthemums with large, rounded blooms. Perfect for weddings, events, and elegant floral arrangements.\" \/>\n<meta name=\"robots\" content=\"index, follow, max-snippet:-1, max-image-preview:large, max-video-preview:-1\" \/>\n<link rel=\"canonical\" href=\"https:\/\/fleursenvracmtl.com\/fr\/chrysanthemes-cremon-disbud-blancs\/\" \/>\n<meta property=\"og:locale\" content=\"fr_FR\" \/>\n<meta property=\"og:type\" content=\"article\" \/>\n<meta property=\"og:title\" content=\"Chrysanth\u00e8mes Cremon Disbud blancs\" \/>\n<meta property=\"og:description\" content=\"Shop White Cremon Disbud Chrysanthemums with large, rounded blooms. Perfect for weddings, events, and elegant floral arrangements.\" \/>\n<meta property=\"og:url\" content=\"https:\/\/fleursenvracmtl.com\/fr\/chrysanthemes-cremon-disbud-blancs\/\" \/>\n<meta property=\"og:site_name\" content=\"Fleurs en Vrac Mtl\" \/>\n<meta property=\"article:publisher\" content=\"https:\/\/www.facebook.com\/LeBouquetMTL\/\" \/>\n<meta property=\"article:modified_time\" content=\"2026-03-27T14:13:15+00:00\" \/>\n<meta property=\"og:image\" content=\"https:\/\/fleursenvracmtl.com\/wp-content\/uploads\/2024\/09\/CRE-WH-Cremon-DIsbud-Chrysanthemum-White-Bunch.jpg\" \/>\n\t<meta property=\"og:image:width\" content=\"1200\" \/>\n\t<meta property=\"og:image:height\" content=\"1200\" \/>\n\t<meta property=\"og:image:type\" content=\"image\/jpeg\" \/>\n<meta name=\"twitter:card\" content=\"summary_large_image\" \/>\n<meta name=\"twitter:label1\" content=\"Prix\" \/>\n\t<meta name=\"twitter:data1\" content=\"&#036;0.00\" \/>\n\t<meta name=\"twitter:label2\" content=\"Disponibilit\u00e9\" \/>\n\t<meta name=\"twitter:data2\" content=\"En stock\" \/>\n<script type=\"application\/ld+json\" class=\"yoast-schema-graph\">{\"@context\":\"https:\/\/schema.org\",\"@graph\":[{\"@type\":\"WebPage\",\"@id\":\"https:\/\/fleursenvracmtl.com\/fr\/chrysanthemes-cremon-disbud-blancs\/\",\"url\":\"https:\/\/fleursenvracmtl.com\/fr\/chrysanthemes-cremon-disbud-blancs\/\",\"name\":\"White Cremon Disbud Chrysanthemums | Large Bloom Event Flowers\",\"isPartOf\":{\"@id\":\"https:\/\/fleursenvracmtl.com\/en\/#website\"},\"primaryImageOfPage\":{\"@id\":\"https:\/\/fleursenvracmtl.com\/fr\/chrysanthemes-cremon-disbud-blancs\/#primaryimage\"},\"image\":{\"@id\":\"https:\/\/fleursenvracmtl.com\/fr\/chrysanthemes-cremon-disbud-blancs\/#primaryimage\"},\"thumbnailUrl\":\"https:\/\/fleursenvracmtl.com\/wp-content\/uploads\/2024\/09\/CRE-WH-Cremon-DIsbud-Chrysanthemum-White-Bunch.jpg\",\"datePublished\":\"2024-09-30T13:18:11+00:00\",\"dateModified\":\"2026-03-27T14:13:15+00:00\",\"description\":\"Shop White Cremon Disbud Chrysanthemums with large, rounded blooms. Perfect for weddings, events, and elegant floral arrangements.\",\"breadcrumb\":{\"@id\":\"https:\/\/fleursenvracmtl.com\/fr\/chrysanthemes-cremon-disbud-blancs\/#breadcrumb\"},\"inLanguage\":\"fr-FR\",\"potentialAction\":[{\"@type\":\"ReadAction\",\"target\":[\"https:\/\/fleursenvracmtl.com\/fr\/chrysanthemes-cremon-disbud-blancs\/\"]}]},{\"@type\":\"ImageObject\",\"inLanguage\":\"fr-FR\",\"@id\":\"https:\/\/fleursenvracmtl.com\/fr\/chrysanthemes-cremon-disbud-blancs\/#primaryimage\",\"url\":\"https:\/\/fleursenvracmtl.com\/wp-content\/uploads\/2024\/09\/CRE-WH-Cremon-DIsbud-Chrysanthemum-White-Bunch.jpg\",\"contentUrl\":\"https:\/\/fleursenvracmtl.com\/wp-content\/uploads\/2024\/09\/CRE-WH-Cremon-DIsbud-Chrysanthemum-White-Bunch.jpg\",\"width\":1200,\"height\":1200,\"caption\":\"Cremon-DIsbud-Chrysanthemum-White\"},{\"@type\":\"BreadcrumbList\",\"@id\":\"https:\/\/fleursenvracmtl.com\/fr\/chrysanthemes-cremon-disbud-blancs\/#breadcrumb\",\"itemListElement\":[{\"@type\":\"ListItem\",\"position\":1,\"name\":\"Home\",\"item\":\"https:\/\/fleursenvracmtl.com\/fr\/\"},{\"@type\":\"ListItem\",\"position\":2,\"name\":\"Shop\",\"item\":\"https:\/\/fleursenvracmtl.com\/en\/shop\/\"},{\"@type\":\"ListItem\",\"position\":3,\"name\":\"Chrysanth\u00e8mes Cremon Disbud blancs\"}]},{\"@type\":\"WebSite\",\"@id\":\"https:\/\/fleursenvracmtl.com\/en\/#website\",\"url\":\"https:\/\/fleursenvracmtl.com\/en\/\",\"name\":\"Fleurs en Vrac MTL\",\"description\":\"Fleurs en Vrac Mtl - Bulk flower by Le Bouquet\",\"alternateName\":\"Fleurs en Vrac MTL\",\"potentialAction\":[{\"@type\":\"SearchAction\",\"target\":{\"@type\":\"EntryPoint\",\"urlTemplate\":\"https:\/\/fleursenvracmtl.com\/en\/?s={search_term_string}\"},\"query-input\":{\"@type\":\"PropertyValueSpecification\",\"valueRequired\":true,\"valueName\":\"search_term_string\"}}],\"inLanguage\":\"fr-FR\"}]}<\/script>\n<meta property=\"product:price:amount\" content=\"0.00\" \/>\n<meta property=\"product:price:currency\" content=\"CAD\" \/>\n<meta property=\"og:availability\" content=\"instock\" \/>\n<meta property=\"product:availability\" content=\"instock\" \/>\n<meta property=\"product:condition\" content=\"new\" \/>\n<!-- \/ Yoast SEO Premium plugin. -->","yoast_head_json":{"title":"White Cremon Disbud Chrysanthemums | Large Bloom Event Flowers","description":"Shop White Cremon Disbud Chrysanthemums with large, rounded blooms. Perfect for weddings, events, and elegant floral arrangements.","robots":{"index":"index","follow":"follow","max-snippet":"max-snippet:-1","max-image-preview":"max-image-preview:large","max-video-preview":"max-video-preview:-1"},"canonical":"https:\/\/fleursenvracmtl.com\/fr\/chrysanthemes-cremon-disbud-blancs\/","og_locale":"fr_FR","og_type":"article","og_title":"Chrysanth\u00e8mes Cremon Disbud blancs","og_description":"Shop White Cremon Disbud Chrysanthemums with large, rounded blooms. Perfect for weddings, events, and elegant floral arrangements.","og_url":"https:\/\/fleursenvracmtl.com\/fr\/chrysanthemes-cremon-disbud-blancs\/","og_site_name":"Fleurs en Vrac Mtl","article_publisher":"https:\/\/www.facebook.com\/LeBouquetMTL\/","article_modified_time":"2026-03-27T14:13:15+00:00","og_image":[{"width":1200,"height":1200,"url":"https:\/\/fleursenvracmtl.com\/wp-content\/uploads\/2024\/09\/CRE-WH-Cremon-DIsbud-Chrysanthemum-White-Bunch.jpg","type":"image\/jpeg"}],"twitter_card":"summary_large_image","twitter_misc":{"Prix":"&#36;0.00","Disponibilit\u00e9":"En stock"},"schema":{"@context":"https:\/\/schema.org","@graph":[{"@type":"WebPage","@id":"https:\/\/fleursenvracmtl.com\/fr\/chrysanthemes-cremon-disbud-blancs\/","url":"https:\/\/fleursenvracmtl.com\/fr\/chrysanthemes-cremon-disbud-blancs\/","name":"White Cremon Disbud Chrysanthemums | Large Bloom Event Flowers","isPartOf":{"@id":"https:\/\/fleursenvracmtl.com\/en\/#website"},"primaryImageOfPage":{"@id":"https:\/\/fleursenvracmtl.com\/fr\/chrysanthemes-cremon-disbud-blancs\/#primaryimage"},"image":{"@id":"https:\/\/fleursenvracmtl.com\/fr\/chrysanthemes-cremon-disbud-blancs\/#primaryimage"},"thumbnailUrl":"https:\/\/fleursenvracmtl.com\/wp-content\/uploads\/2024\/09\/CRE-WH-Cremon-DIsbud-Chrysanthemum-White-Bunch.jpg","datePublished":"2024-09-30T13:18:11+00:00","dateModified":"2026-03-27T14:13:15+00:00","description":"Shop White Cremon Disbud Chrysanthemums with large, rounded blooms. Perfect for weddings, events, and elegant floral arrangements.","breadcrumb":{"@id":"https:\/\/fleursenvracmtl.com\/fr\/chrysanthemes-cremon-disbud-blancs\/#breadcrumb"},"inLanguage":"fr-FR","potentialAction":[{"@type":"ReadAction","target":["https:\/\/fleursenvracmtl.com\/fr\/chrysanthemes-cremon-disbud-blancs\/"]}]},{"@type":"ImageObject","inLanguage":"fr-FR","@id":"https:\/\/fleursenvracmtl.com\/fr\/chrysanthemes-cremon-disbud-blancs\/#primaryimage","url":"https:\/\/fleursenvracmtl.com\/wp-content\/uploads\/2024\/09\/CRE-WH-Cremon-DIsbud-Chrysanthemum-White-Bunch.jpg","contentUrl":"https:\/\/fleursenvracmtl.com\/wp-content\/uploads\/2024\/09\/CRE-WH-Cremon-DIsbud-Chrysanthemum-White-Bunch.jpg","width":1200,"height":1200,"caption":"Cremon-DIsbud-Chrysanthemum-White"},{"@type":"BreadcrumbList","@id":"https:\/\/fleursenvracmtl.com\/fr\/chrysanthemes-cremon-disbud-blancs\/#breadcrumb","itemListElement":[{"@type":"ListItem","position":1,"name":"Home","item":"https:\/\/fleursenvracmtl.com\/fr\/"},{"@type":"ListItem","position":2,"name":"Shop","item":"https:\/\/fleursenvracmtl.com\/en\/shop\/"},{"@type":"ListItem","position":3,"name":"Chrysanth\u00e8mes Cremon Disbud blancs"}]},{"@type":"WebSite","@id":"https:\/\/fleursenvracmtl.com\/en\/#website","url":"https:\/\/fleursenvracmtl.com\/en\/","name":"Fleurs en Vrac MTL","description":"Fleurs en Vrac Mtl - Bulk flower by Le Bouquet","alternateName":"Fleurs en Vrac MTL","potentialAction":[{"@type":"SearchAction","target":{"@type":"EntryPoint","urlTemplate":"https:\/\/fleursenvracmtl.com\/en\/?s={search_term_string}"},"query-input":{"@type":"PropertyValueSpecification","valueRequired":true,"valueName":"search_term_string"}}],"inLanguage":"fr-FR"}]},"product_price_amount":"0.00","product_price_currency":"CAD","og_availability":"instock","product_availability":"instock","product_condition":"new"},"_links":{"self":[{"href":"https:\/\/fleursenvracmtl.com\/fr\/wp-json\/wp\/v2\/product\/98131","targetHints":{"allow":["GET"]}}],"collection":[{"href":"https:\/\/fleursenvracmtl.com\/fr\/wp-json\/wp\/v2\/product"}],"about":[{"href":"https:\/\/fleursenvracmtl.com\/fr\/wp-json\/wp\/v2\/types\/product"}],"replies":[{"embeddable":true,"href":"https:\/\/fleursenvracmtl.com\/fr\/wp-json\/wp\/v2\/comments?post=98131"}],"wp:featuredmedia":[{"embeddable":true,"href":"https:\/\/fleursenvracmtl.com\/fr\/wp-json\/wp\/v2\/media\/98184"}],"wp:attachment":[{"href":"https:\/\/fleursenvracmtl.com\/fr\/wp-json\/wp\/v2\/media?parent=98131"}],"wp:term":[{"taxonomy":"recipe","embeddable":true,"href":"https:\/\/fleursenvracmtl.com\/fr\/wp-json\/wp\/v2\/recipe?post=98131"},{"taxonomy":"product_brand","embeddable":true,"href":"https:\/\/fleursenvracmtl.com\/fr\/wp-json\/wp\/v2\/product_brand?post=98131"},{"taxonomy":"product_cat","embeddable":true,"href":"https:\/\/fleursenvracmtl.com\/fr\/wp-json\/wp\/v2\/product_cat?post=98131"},{"taxonomy":"product_tag","embeddable":true,"href":"https:\/\/fleursenvracmtl.com\/fr\/wp-json\/wp\/v2\/product_tag?post=98131"}],"curies":[{"name":"wp","href":"https:\/\/api.w.org\/{rel}","templated":true}]}}