{"id":99503,"date":"2024-11-18T09:03:37","date_gmt":"2024-11-18T14:03:37","guid":{"rendered":"https:\/\/www.lebouquet.com\/winterberry-delight\/"},"modified":"2025-08-13T06:17:51","modified_gmt":"2025-08-13T10:17:51","slug":"delice-de-baies-dhiver","status":"publish","type":"product","link":"https:\/\/fleursenvracmtl.com\/fr\/delice-de-baies-dhiver\/","title":{"rendered":"D\u00e9lice de Baies d\u2019Hiver"},"content":{"rendered":"<p>Apportez une touche de magie festive \u00e0 votre int\u00e9rieur ou offrez un cadeau sp\u00e9cial avec notre arrangement \u00ab\u00a0D\u00e9lices de Baies d&rsquo;hiver\u00a0\u00bb.&nbsp;<\/p>\n<p>Compos\u00e9 de baies rouges \u00e9clatantes, dispos\u00e9es \u00e9l\u00e9gamment dans un vase transparent et agr\u00e9ment\u00e9es de verdure de saison, ce bouquet incarne parfaitement l&rsquo;esprit chaleureux des f\u00eates.&nbsp;<\/p>\n<p>Le ruban rouge ajoute une finition parfaite, id\u00e9ale pour une table, une chemin\u00e9e ou un cadeau attentionn\u00e9.<\/p>\n","protected":false},"excerpt":{"rendered":"<p>Dimensions : Environ 16&Prime; L x 20&Prime; H<\/p>\n","protected":false},"featured_media":99458,"comment_status":"open","ping_status":"closed","template":"","meta":{"_acf_changed":false},"recipe":[],"product_brand":[],"product_cat":[15],"product_tag":[],"class_list":{"0":"post-99503","1":"product","2":"type-product","3":"status-publish","4":"has-post-thumbnail","6":"product_cat-uncategorized","8":"first","9":"instock","10":"shipping-taxable","11":"purchasable","12":"product-type-simple","13":"out_of_season_fr"},"acf":[],"yoast_head":"<!-- This site is optimized with the Yoast SEO Premium plugin v25.2 (Yoast SEO v26.2) - https:\/\/yoast.com\/wordpress\/plugins\/seo\/ -->\n<title>Vase D\u00e9lice de Baies d\u2019Hiver \u2013 D\u00e9coration de No\u00ebl avec Ilex Rouge<\/title>\n<meta name=\"description\" content=\"Apportez du charme festif avec notre Vase D\u00e9lice de Baies d\u2019Hiver! Avec 10 branches d&#039;ilex rouge, verdure festive et ruban rouge dans un vase en verre. Id\u00e9al pour les f\u00eates ou en cadeau.\" \/>\n<meta name=\"robots\" content=\"index, follow, max-snippet:-1, max-image-preview:large, max-video-preview:-1\" \/>\n<link rel=\"canonical\" href=\"https:\/\/fleursenvracmtl.com\/en\/winterberry-delight\/\" \/>\n<meta property=\"og:locale\" content=\"fr_FR\" \/>\n<meta property=\"og:type\" content=\"article\" \/>\n<meta property=\"og:title\" content=\"D\u00e9lice de Baies d\u2019Hiver\" \/>\n<meta property=\"og:description\" content=\"Apportez du charme festif avec notre Vase D\u00e9lice de Baies d\u2019Hiver! Avec 10 branches d&#039;ilex rouge, verdure festive et ruban rouge dans un vase en verre. Id\u00e9al pour les f\u00eates ou en cadeau.\" \/>\n<meta property=\"og:url\" content=\"https:\/\/fleursenvracmtl.com\/en\/winterberry-delight\/\" \/>\n<meta property=\"og:site_name\" content=\"Fleurs en Vrac Mtl\" \/>\n<meta property=\"article:publisher\" content=\"https:\/\/www.facebook.com\/LeBouquetMTL\/\" \/>\n<meta property=\"article:modified_time\" content=\"2025-08-13T10:17:51+00:00\" \/>\n<meta property=\"og:image\" content=\"https:\/\/fleursenvracmtl.com\/wp-content\/uploads\/2024\/11\/CA132-Winterberry-Delight-Vase-lex-1200-x1200.jpg\" \/>\n\t<meta property=\"og:image:width\" content=\"1200\" \/>\n\t<meta property=\"og:image:height\" content=\"1200\" \/>\n\t<meta property=\"og:image:type\" content=\"image\/jpeg\" \/>\n<meta name=\"twitter:card\" content=\"summary_large_image\" \/>\n<meta name=\"twitter:label1\" content=\"Prix\" \/>\n\t<meta name=\"twitter:data1\" content=\"&#036;0.00\" \/>\n\t<meta name=\"twitter:label2\" content=\"Disponibilit\u00e9\" \/>\n\t<meta name=\"twitter:data2\" content=\"En stock\" \/>\n<script type=\"application\/ld+json\" class=\"yoast-schema-graph\">{\"@context\":\"https:\/\/schema.org\",\"@graph\":[{\"@type\":\"WebPage\",\"@id\":\"https:\/\/fleursenvracmtl.com\/en\/winterberry-delight\/\",\"url\":\"https:\/\/fleursenvracmtl.com\/en\/winterberry-delight\/\",\"name\":\"Vase D\u00e9lice de Baies d\u2019Hiver \u2013 D\u00e9coration de No\u00ebl avec Ilex Rouge\",\"isPartOf\":{\"@id\":\"https:\/\/fleursenvracmtl.com\/en\/#website\"},\"primaryImageOfPage\":{\"@id\":\"https:\/\/fleursenvracmtl.com\/en\/winterberry-delight\/#primaryimage\"},\"image\":{\"@id\":\"https:\/\/fleursenvracmtl.com\/en\/winterberry-delight\/#primaryimage\"},\"thumbnailUrl\":\"https:\/\/fleursenvracmtl.com\/wp-content\/uploads\/2024\/11\/CA132-Winterberry-Delight-Vase-lex-1200-x1200.jpg\",\"datePublished\":\"2024-11-18T14:03:37+00:00\",\"dateModified\":\"2025-08-13T10:17:51+00:00\",\"description\":\"Apportez du charme festif avec notre Vase D\u00e9lice de Baies d\u2019Hiver! Avec 10 branches d'ilex rouge, verdure festive et ruban rouge dans un vase en verre. Id\u00e9al pour les f\u00eates ou en cadeau.\",\"breadcrumb\":{\"@id\":\"https:\/\/fleursenvracmtl.com\/en\/winterberry-delight\/#breadcrumb\"},\"inLanguage\":\"fr-FR\",\"potentialAction\":[{\"@type\":\"ReadAction\",\"target\":[\"https:\/\/fleursenvracmtl.com\/en\/winterberry-delight\/\"]}]},{\"@type\":\"ImageObject\",\"inLanguage\":\"fr-FR\",\"@id\":\"https:\/\/fleursenvracmtl.com\/en\/winterberry-delight\/#primaryimage\",\"url\":\"https:\/\/fleursenvracmtl.com\/wp-content\/uploads\/2024\/11\/CA132-Winterberry-Delight-Vase-lex-1200-x1200.jpg\",\"contentUrl\":\"https:\/\/fleursenvracmtl.com\/wp-content\/uploads\/2024\/11\/CA132-Winterberry-Delight-Vase-lex-1200-x1200.jpg\",\"width\":1200,\"height\":1200,\"caption\":\"Winterberry Delight Vase red Ilex\"},{\"@type\":\"BreadcrumbList\",\"@id\":\"https:\/\/fleursenvracmtl.com\/en\/winterberry-delight\/#breadcrumb\",\"itemListElement\":[{\"@type\":\"ListItem\",\"position\":1,\"name\":\"Home\",\"item\":\"https:\/\/fleursenvracmtl.com\/fr\/\"},{\"@type\":\"ListItem\",\"position\":2,\"name\":\"Shop\",\"item\":\"https:\/\/fleursenvracmtl.com\/en\/shop\/\"},{\"@type\":\"ListItem\",\"position\":3,\"name\":\"D\u00e9lice de Baies d\u2019Hiver\"}]},{\"@type\":\"WebSite\",\"@id\":\"https:\/\/fleursenvracmtl.com\/en\/#website\",\"url\":\"https:\/\/fleursenvracmtl.com\/en\/\",\"name\":\"Fleurs en Vrac MTL\",\"description\":\"Fleurs en Vrac Mtl - Bulk flower by Le Bouquet\",\"alternateName\":\"Fleurs en Vrac MTL\",\"potentialAction\":[{\"@type\":\"SearchAction\",\"target\":{\"@type\":\"EntryPoint\",\"urlTemplate\":\"https:\/\/fleursenvracmtl.com\/en\/?s={search_term_string}\"},\"query-input\":{\"@type\":\"PropertyValueSpecification\",\"valueRequired\":true,\"valueName\":\"search_term_string\"}}],\"inLanguage\":\"fr-FR\"}]}<\/script>\n<meta property=\"product:price:amount\" content=\"0.00\" \/>\n<meta property=\"product:price:currency\" content=\"CAD\" \/>\n<meta property=\"og:availability\" content=\"instock\" \/>\n<meta property=\"product:availability\" content=\"instock\" \/>\n<meta property=\"product:condition\" content=\"new\" \/>\n<!-- \/ Yoast SEO Premium plugin. -->","yoast_head_json":{"title":"Vase D\u00e9lice de Baies d\u2019Hiver \u2013 D\u00e9coration de No\u00ebl avec Ilex Rouge","description":"Apportez du charme festif avec notre Vase D\u00e9lice de Baies d\u2019Hiver! Avec 10 branches d'ilex rouge, verdure festive et ruban rouge dans un vase en verre. Id\u00e9al pour les f\u00eates ou en cadeau.","robots":{"index":"index","follow":"follow","max-snippet":"max-snippet:-1","max-image-preview":"max-image-preview:large","max-video-preview":"max-video-preview:-1"},"canonical":"https:\/\/fleursenvracmtl.com\/en\/winterberry-delight\/","og_locale":"fr_FR","og_type":"article","og_title":"D\u00e9lice de Baies d\u2019Hiver","og_description":"Apportez du charme festif avec notre Vase D\u00e9lice de Baies d\u2019Hiver! Avec 10 branches d'ilex rouge, verdure festive et ruban rouge dans un vase en verre. Id\u00e9al pour les f\u00eates ou en cadeau.","og_url":"https:\/\/fleursenvracmtl.com\/en\/winterberry-delight\/","og_site_name":"Fleurs en Vrac Mtl","article_publisher":"https:\/\/www.facebook.com\/LeBouquetMTL\/","article_modified_time":"2025-08-13T10:17:51+00:00","og_image":[{"width":1200,"height":1200,"url":"https:\/\/fleursenvracmtl.com\/wp-content\/uploads\/2024\/11\/CA132-Winterberry-Delight-Vase-lex-1200-x1200.jpg","type":"image\/jpeg"}],"twitter_card":"summary_large_image","twitter_misc":{"Prix":"&#36;0.00","Disponibilit\u00e9":"En stock"},"schema":{"@context":"https:\/\/schema.org","@graph":[{"@type":"WebPage","@id":"https:\/\/fleursenvracmtl.com\/en\/winterberry-delight\/","url":"https:\/\/fleursenvracmtl.com\/en\/winterberry-delight\/","name":"Vase D\u00e9lice de Baies d\u2019Hiver \u2013 D\u00e9coration de No\u00ebl avec Ilex Rouge","isPartOf":{"@id":"https:\/\/fleursenvracmtl.com\/en\/#website"},"primaryImageOfPage":{"@id":"https:\/\/fleursenvracmtl.com\/en\/winterberry-delight\/#primaryimage"},"image":{"@id":"https:\/\/fleursenvracmtl.com\/en\/winterberry-delight\/#primaryimage"},"thumbnailUrl":"https:\/\/fleursenvracmtl.com\/wp-content\/uploads\/2024\/11\/CA132-Winterberry-Delight-Vase-lex-1200-x1200.jpg","datePublished":"2024-11-18T14:03:37+00:00","dateModified":"2025-08-13T10:17:51+00:00","description":"Apportez du charme festif avec notre Vase D\u00e9lice de Baies d\u2019Hiver! Avec 10 branches d'ilex rouge, verdure festive et ruban rouge dans un vase en verre. Id\u00e9al pour les f\u00eates ou en cadeau.","breadcrumb":{"@id":"https:\/\/fleursenvracmtl.com\/en\/winterberry-delight\/#breadcrumb"},"inLanguage":"fr-FR","potentialAction":[{"@type":"ReadAction","target":["https:\/\/fleursenvracmtl.com\/en\/winterberry-delight\/"]}]},{"@type":"ImageObject","inLanguage":"fr-FR","@id":"https:\/\/fleursenvracmtl.com\/en\/winterberry-delight\/#primaryimage","url":"https:\/\/fleursenvracmtl.com\/wp-content\/uploads\/2024\/11\/CA132-Winterberry-Delight-Vase-lex-1200-x1200.jpg","contentUrl":"https:\/\/fleursenvracmtl.com\/wp-content\/uploads\/2024\/11\/CA132-Winterberry-Delight-Vase-lex-1200-x1200.jpg","width":1200,"height":1200,"caption":"Winterberry Delight Vase red Ilex"},{"@type":"BreadcrumbList","@id":"https:\/\/fleursenvracmtl.com\/en\/winterberry-delight\/#breadcrumb","itemListElement":[{"@type":"ListItem","position":1,"name":"Home","item":"https:\/\/fleursenvracmtl.com\/fr\/"},{"@type":"ListItem","position":2,"name":"Shop","item":"https:\/\/fleursenvracmtl.com\/en\/shop\/"},{"@type":"ListItem","position":3,"name":"D\u00e9lice de Baies d\u2019Hiver"}]},{"@type":"WebSite","@id":"https:\/\/fleursenvracmtl.com\/en\/#website","url":"https:\/\/fleursenvracmtl.com\/en\/","name":"Fleurs en Vrac MTL","description":"Fleurs en Vrac Mtl - Bulk flower by Le Bouquet","alternateName":"Fleurs en Vrac MTL","potentialAction":[{"@type":"SearchAction","target":{"@type":"EntryPoint","urlTemplate":"https:\/\/fleursenvracmtl.com\/en\/?s={search_term_string}"},"query-input":{"@type":"PropertyValueSpecification","valueRequired":true,"valueName":"search_term_string"}}],"inLanguage":"fr-FR"}]},"product_price_amount":"0.00","product_price_currency":"CAD","og_availability":"instock","product_availability":"instock","product_condition":"new"},"_links":{"self":[{"href":"https:\/\/fleursenvracmtl.com\/fr\/wp-json\/wp\/v2\/product\/99503","targetHints":{"allow":["GET"]}}],"collection":[{"href":"https:\/\/fleursenvracmtl.com\/fr\/wp-json\/wp\/v2\/product"}],"about":[{"href":"https:\/\/fleursenvracmtl.com\/fr\/wp-json\/wp\/v2\/types\/product"}],"replies":[{"embeddable":true,"href":"https:\/\/fleursenvracmtl.com\/fr\/wp-json\/wp\/v2\/comments?post=99503"}],"wp:featuredmedia":[{"embeddable":true,"href":"https:\/\/fleursenvracmtl.com\/fr\/wp-json\/wp\/v2\/media\/99458"}],"wp:attachment":[{"href":"https:\/\/fleursenvracmtl.com\/fr\/wp-json\/wp\/v2\/media?parent=99503"}],"wp:term":[{"taxonomy":"recipe","embeddable":true,"href":"https:\/\/fleursenvracmtl.com\/fr\/wp-json\/wp\/v2\/recipe?post=99503"},{"taxonomy":"product_brand","embeddable":true,"href":"https:\/\/fleursenvracmtl.com\/fr\/wp-json\/wp\/v2\/product_brand?post=99503"},{"taxonomy":"product_cat","embeddable":true,"href":"https:\/\/fleursenvracmtl.com\/fr\/wp-json\/wp\/v2\/product_cat?post=99503"},{"taxonomy":"product_tag","embeddable":true,"href":"https:\/\/fleursenvracmtl.com\/fr\/wp-json\/wp\/v2\/product_tag?post=99503"}],"curies":[{"name":"wp","href":"https:\/\/api.w.org\/{rel}","templated":true}]}}