{"id":99867,"date":"2024-11-23T10:55:36","date_gmt":"2024-11-23T15:55:36","guid":{"rendered":"https:\/\/www.lebouquet.com\/b-c-carolina-sapphire\/"},"modified":"2025-11-09T08:51:43","modified_gmt":"2025-11-09T13:51:43","slug":"c-b-carolina-sapphire","status":"publish","type":"product","link":"https:\/\/fleursenvracmtl.com\/fr\/c-b-carolina-sapphire\/","title":{"rendered":"C.B. Carolina Sapphire"},"content":{"rendered":"<p>Ajoutez une touche de nature canadienne \u00e0 vos d\u00e9corations de f\u00eates avec le <strong>Carolina Sapphire<\/strong>, un feuillage local de la Colombie-Britannique. R\u00e9put\u00e9 pour son parfum aromatique et son feuillage bleu argent\u00e9, ce feuillage polyvalent est parfait pour les couronnes, guirlandes, centres de table festifs et projets DIY saisonniers. Sa texture douce et son charme hivernal en font un incontournable pour la d\u00e9coration des f\u00eates. Disponible en vrac en options de 1, 3, 6, 9 ou 12 bottes, le Carolina Sapphire est le choix id\u00e9al pour cr\u00e9er de superbes d\u00e9corations inspir\u00e9es du Canada.<\/p>\n","protected":false},"excerpt":{"rendered":"<p>Ajoutez une touche de nature canadienne \u00e0 vos d\u00e9corations de f\u00eates avec le Carolina Sapphire, un feuillage local de la Colombie-Britannique. R\u00e9put\u00e9 pour son parfum aromatique et son feuillage bleu argent\u00e9, ce feuillage polyvalent est parfait pour les couronnes, guirlandes, centres de table festifs et projets DIY saisonniers. Sa texture douce et son charme hivernal [&hellip;]<\/p>\n","protected":false},"featured_media":99860,"comment_status":"open","ping_status":"closed","template":"","meta":{"_acf_changed":false},"recipe":[],"product_brand":[],"product_cat":[18060,18384,18061],"product_tag":[],"class_list":{"0":"post-99867","1":"product","2":"type-product","3":"status-publish","4":"has-post-thumbnail","6":"product_cat-bulk-holiday-selection","7":"product_cat-fleurs-et-feuillages-de-noel","8":"product_cat-selection-des-fetes-en-vrac","10":"first","11":"instock","12":"shipping-taxable","13":"purchasable","14":"product-type-simple"},"acf":[],"yoast_head":"<!-- This site is optimized with the Yoast SEO Premium plugin v25.2 (Yoast SEO v26.2) - https:\/\/yoast.com\/wordpress\/plugins\/seo\/ -->\n<title>Carolina Sapphire | D\u00e9corations Festives en Vrac de la C.-B.<\/title>\n<meta name=\"description\" content=\"Achetez le feuillage Carolina Sapphire de la Colombie-Britannique en vrac. Parfait pour couronnes, guirlandes et d\u00e9corations saisonni\u00e8res. Disponible en 1, 3, 6, 9 ou 12 bottes.\" \/>\n<meta name=\"robots\" content=\"index, follow, max-snippet:-1, max-image-preview:large, max-video-preview:-1\" \/>\n<link rel=\"canonical\" href=\"https:\/\/fleursenvracmtl.com\/fr\/c-b-carolina-sapphire\/\" \/>\n<meta property=\"og:locale\" content=\"fr_FR\" \/>\n<meta property=\"og:type\" content=\"article\" \/>\n<meta property=\"og:title\" content=\"C.B. Carolina Sapphire\" \/>\n<meta property=\"og:description\" content=\"Achetez le feuillage Carolina Sapphire de la Colombie-Britannique en vrac. Parfait pour couronnes, guirlandes et d\u00e9corations saisonni\u00e8res. Disponible en 1, 3, 6, 9 ou 12 bottes.\" \/>\n<meta property=\"og:url\" content=\"https:\/\/fleursenvracmtl.com\/fr\/c-b-carolina-sapphire\/\" \/>\n<meta property=\"og:site_name\" content=\"Fleurs en Vrac Mtl\" \/>\n<meta property=\"article:publisher\" content=\"https:\/\/www.facebook.com\/LeBouquetMTL\/\" \/>\n<meta property=\"article:modified_time\" content=\"2025-11-09T13:51:43+00:00\" \/>\n<meta property=\"og:image\" content=\"https:\/\/fleursenvracmtl.com\/wp-content\/uploads\/2024\/11\/HCA-SA-Carolina-Sapphire-Bunch.jpg\" \/>\n\t<meta property=\"og:image:width\" content=\"1200\" \/>\n\t<meta property=\"og:image:height\" content=\"1200\" \/>\n\t<meta property=\"og:image:type\" content=\"image\/jpeg\" \/>\n<meta name=\"twitter:card\" content=\"summary_large_image\" \/>\n<meta name=\"twitter:label1\" content=\"Prix\" \/>\n\t<meta name=\"twitter:data1\" content=\"&#036;0.00\" \/>\n\t<meta name=\"twitter:label2\" content=\"Disponibilit\u00e9\" \/>\n\t<meta name=\"twitter:data2\" content=\"En stock\" \/>\n<script type=\"application\/ld+json\" class=\"yoast-schema-graph\">{\"@context\":\"https:\/\/schema.org\",\"@graph\":[{\"@type\":\"WebPage\",\"@id\":\"https:\/\/fleursenvracmtl.com\/fr\/c-b-carolina-sapphire\/\",\"url\":\"https:\/\/fleursenvracmtl.com\/fr\/c-b-carolina-sapphire\/\",\"name\":\"Carolina Sapphire | D\u00e9corations Festives en Vrac de la C.-B.\",\"isPartOf\":{\"@id\":\"https:\/\/fleursenvracmtl.com\/en\/#website\"},\"primaryImageOfPage\":{\"@id\":\"https:\/\/fleursenvracmtl.com\/fr\/c-b-carolina-sapphire\/#primaryimage\"},\"image\":{\"@id\":\"https:\/\/fleursenvracmtl.com\/fr\/c-b-carolina-sapphire\/#primaryimage\"},\"thumbnailUrl\":\"https:\/\/fleursenvracmtl.com\/wp-content\/uploads\/2024\/11\/HCA-SA-Carolina-Sapphire-Bunch.jpg\",\"datePublished\":\"2024-11-23T15:55:36+00:00\",\"dateModified\":\"2025-11-09T13:51:43+00:00\",\"description\":\"Achetez le feuillage Carolina Sapphire de la Colombie-Britannique en vrac. Parfait pour couronnes, guirlandes et d\u00e9corations saisonni\u00e8res. Disponible en 1, 3, 6, 9 ou 12 bottes.\",\"breadcrumb\":{\"@id\":\"https:\/\/fleursenvracmtl.com\/fr\/c-b-carolina-sapphire\/#breadcrumb\"},\"inLanguage\":\"fr-FR\",\"potentialAction\":[{\"@type\":\"ReadAction\",\"target\":[\"https:\/\/fleursenvracmtl.com\/fr\/c-b-carolina-sapphire\/\"]}]},{\"@type\":\"ImageObject\",\"inLanguage\":\"fr-FR\",\"@id\":\"https:\/\/fleursenvracmtl.com\/fr\/c-b-carolina-sapphire\/#primaryimage\",\"url\":\"https:\/\/fleursenvracmtl.com\/wp-content\/uploads\/2024\/11\/HCA-SA-Carolina-Sapphire-Bunch.jpg\",\"contentUrl\":\"https:\/\/fleursenvracmtl.com\/wp-content\/uploads\/2024\/11\/HCA-SA-Carolina-Sapphire-Bunch.jpg\",\"width\":1200,\"height\":1200,\"caption\":\"B.C. Carolina Sapphire Green\"},{\"@type\":\"BreadcrumbList\",\"@id\":\"https:\/\/fleursenvracmtl.com\/fr\/c-b-carolina-sapphire\/#breadcrumb\",\"itemListElement\":[{\"@type\":\"ListItem\",\"position\":1,\"name\":\"Home\",\"item\":\"https:\/\/fleursenvracmtl.com\/fr\/\"},{\"@type\":\"ListItem\",\"position\":2,\"name\":\"Shop\",\"item\":\"https:\/\/fleursenvracmtl.com\/en\/shop\/\"},{\"@type\":\"ListItem\",\"position\":3,\"name\":\"C.B. Carolina Sapphire\"}]},{\"@type\":\"WebSite\",\"@id\":\"https:\/\/fleursenvracmtl.com\/en\/#website\",\"url\":\"https:\/\/fleursenvracmtl.com\/en\/\",\"name\":\"Fleurs en Vrac MTL\",\"description\":\"Fleurs en Vrac Mtl - Bulk flower by Le Bouquet\",\"alternateName\":\"Fleurs en Vrac MTL\",\"potentialAction\":[{\"@type\":\"SearchAction\",\"target\":{\"@type\":\"EntryPoint\",\"urlTemplate\":\"https:\/\/fleursenvracmtl.com\/en\/?s={search_term_string}\"},\"query-input\":{\"@type\":\"PropertyValueSpecification\",\"valueRequired\":true,\"valueName\":\"search_term_string\"}}],\"inLanguage\":\"fr-FR\"}]}<\/script>\n<meta property=\"product:price:amount\" content=\"0.00\" \/>\n<meta property=\"product:price:currency\" content=\"CAD\" \/>\n<meta property=\"og:availability\" content=\"instock\" \/>\n<meta property=\"product:availability\" content=\"instock\" \/>\n<meta property=\"product:condition\" content=\"new\" \/>\n<!-- \/ Yoast SEO Premium plugin. -->","yoast_head_json":{"title":"Carolina Sapphire | D\u00e9corations Festives en Vrac de la C.-B.","description":"Achetez le feuillage Carolina Sapphire de la Colombie-Britannique en vrac. Parfait pour couronnes, guirlandes et d\u00e9corations saisonni\u00e8res. Disponible en 1, 3, 6, 9 ou 12 bottes.","robots":{"index":"index","follow":"follow","max-snippet":"max-snippet:-1","max-image-preview":"max-image-preview:large","max-video-preview":"max-video-preview:-1"},"canonical":"https:\/\/fleursenvracmtl.com\/fr\/c-b-carolina-sapphire\/","og_locale":"fr_FR","og_type":"article","og_title":"C.B. Carolina Sapphire","og_description":"Achetez le feuillage Carolina Sapphire de la Colombie-Britannique en vrac. Parfait pour couronnes, guirlandes et d\u00e9corations saisonni\u00e8res. Disponible en 1, 3, 6, 9 ou 12 bottes.","og_url":"https:\/\/fleursenvracmtl.com\/fr\/c-b-carolina-sapphire\/","og_site_name":"Fleurs en Vrac Mtl","article_publisher":"https:\/\/www.facebook.com\/LeBouquetMTL\/","article_modified_time":"2025-11-09T13:51:43+00:00","og_image":[{"width":1200,"height":1200,"url":"https:\/\/fleursenvracmtl.com\/wp-content\/uploads\/2024\/11\/HCA-SA-Carolina-Sapphire-Bunch.jpg","type":"image\/jpeg"}],"twitter_card":"summary_large_image","twitter_misc":{"Prix":"&#36;0.00","Disponibilit\u00e9":"En stock"},"schema":{"@context":"https:\/\/schema.org","@graph":[{"@type":"WebPage","@id":"https:\/\/fleursenvracmtl.com\/fr\/c-b-carolina-sapphire\/","url":"https:\/\/fleursenvracmtl.com\/fr\/c-b-carolina-sapphire\/","name":"Carolina Sapphire | D\u00e9corations Festives en Vrac de la C.-B.","isPartOf":{"@id":"https:\/\/fleursenvracmtl.com\/en\/#website"},"primaryImageOfPage":{"@id":"https:\/\/fleursenvracmtl.com\/fr\/c-b-carolina-sapphire\/#primaryimage"},"image":{"@id":"https:\/\/fleursenvracmtl.com\/fr\/c-b-carolina-sapphire\/#primaryimage"},"thumbnailUrl":"https:\/\/fleursenvracmtl.com\/wp-content\/uploads\/2024\/11\/HCA-SA-Carolina-Sapphire-Bunch.jpg","datePublished":"2024-11-23T15:55:36+00:00","dateModified":"2025-11-09T13:51:43+00:00","description":"Achetez le feuillage Carolina Sapphire de la Colombie-Britannique en vrac. Parfait pour couronnes, guirlandes et d\u00e9corations saisonni\u00e8res. Disponible en 1, 3, 6, 9 ou 12 bottes.","breadcrumb":{"@id":"https:\/\/fleursenvracmtl.com\/fr\/c-b-carolina-sapphire\/#breadcrumb"},"inLanguage":"fr-FR","potentialAction":[{"@type":"ReadAction","target":["https:\/\/fleursenvracmtl.com\/fr\/c-b-carolina-sapphire\/"]}]},{"@type":"ImageObject","inLanguage":"fr-FR","@id":"https:\/\/fleursenvracmtl.com\/fr\/c-b-carolina-sapphire\/#primaryimage","url":"https:\/\/fleursenvracmtl.com\/wp-content\/uploads\/2024\/11\/HCA-SA-Carolina-Sapphire-Bunch.jpg","contentUrl":"https:\/\/fleursenvracmtl.com\/wp-content\/uploads\/2024\/11\/HCA-SA-Carolina-Sapphire-Bunch.jpg","width":1200,"height":1200,"caption":"B.C. Carolina Sapphire Green"},{"@type":"BreadcrumbList","@id":"https:\/\/fleursenvracmtl.com\/fr\/c-b-carolina-sapphire\/#breadcrumb","itemListElement":[{"@type":"ListItem","position":1,"name":"Home","item":"https:\/\/fleursenvracmtl.com\/fr\/"},{"@type":"ListItem","position":2,"name":"Shop","item":"https:\/\/fleursenvracmtl.com\/en\/shop\/"},{"@type":"ListItem","position":3,"name":"C.B. Carolina Sapphire"}]},{"@type":"WebSite","@id":"https:\/\/fleursenvracmtl.com\/en\/#website","url":"https:\/\/fleursenvracmtl.com\/en\/","name":"Fleurs en Vrac MTL","description":"Fleurs en Vrac Mtl - Bulk flower by Le Bouquet","alternateName":"Fleurs en Vrac MTL","potentialAction":[{"@type":"SearchAction","target":{"@type":"EntryPoint","urlTemplate":"https:\/\/fleursenvracmtl.com\/en\/?s={search_term_string}"},"query-input":{"@type":"PropertyValueSpecification","valueRequired":true,"valueName":"search_term_string"}}],"inLanguage":"fr-FR"}]},"product_price_amount":"0.00","product_price_currency":"CAD","og_availability":"instock","product_availability":"instock","product_condition":"new"},"_links":{"self":[{"href":"https:\/\/fleursenvracmtl.com\/fr\/wp-json\/wp\/v2\/product\/99867","targetHints":{"allow":["GET"]}}],"collection":[{"href":"https:\/\/fleursenvracmtl.com\/fr\/wp-json\/wp\/v2\/product"}],"about":[{"href":"https:\/\/fleursenvracmtl.com\/fr\/wp-json\/wp\/v2\/types\/product"}],"replies":[{"embeddable":true,"href":"https:\/\/fleursenvracmtl.com\/fr\/wp-json\/wp\/v2\/comments?post=99867"}],"wp:featuredmedia":[{"embeddable":true,"href":"https:\/\/fleursenvracmtl.com\/fr\/wp-json\/wp\/v2\/media\/99860"}],"wp:attachment":[{"href":"https:\/\/fleursenvracmtl.com\/fr\/wp-json\/wp\/v2\/media?parent=99867"}],"wp:term":[{"taxonomy":"recipe","embeddable":true,"href":"https:\/\/fleursenvracmtl.com\/fr\/wp-json\/wp\/v2\/recipe?post=99867"},{"taxonomy":"product_brand","embeddable":true,"href":"https:\/\/fleursenvracmtl.com\/fr\/wp-json\/wp\/v2\/product_brand?post=99867"},{"taxonomy":"product_cat","embeddable":true,"href":"https:\/\/fleursenvracmtl.com\/fr\/wp-json\/wp\/v2\/product_cat?post=99867"},{"taxonomy":"product_tag","embeddable":true,"href":"https:\/\/fleursenvracmtl.com\/fr\/wp-json\/wp\/v2\/product_tag?post=99867"}],"curies":[{"name":"wp","href":"https:\/\/api.w.org\/{rel}","templated":true}]}}