{"id":99882,"date":"2024-11-23T11:19:17","date_gmt":"2024-11-23T16:19:17","guid":{"rendered":"https:\/\/www.lebouquet.com\/b-c-western-red-cedar-2\/"},"modified":"2025-11-09T08:55:06","modified_gmt":"2025-11-09T13:55:06","slug":"c-b-cedre-rouge-de-louest-2","status":"publish","type":"product","link":"https:\/\/fleursenvracmtl.com\/fr\/c-b-cedre-rouge-de-louest-2\/","title":{"rendered":"C.B C\u00e8dre rouge de l\u2019Ouest"},"content":{"rendered":"<p>Apportez la beaut\u00e9 naturelle du Canada \u00e0 vos d\u00e9corations avec le <strong>C\u00e8dre rouge de l\u2019Ouest<\/strong>, un feuillage local de la Colombie-Britannique. R\u00e9put\u00e9 pour son feuillage vert luxuriant et son parfum bois\u00e9, ce feuillage est parfait pour les couronnes, guirlandes, centres de table et d\u00e9corations DIY de saison. Ses branches souples et tombantes ajoutent une touche \u00e9l\u00e9gante et rustique \u00e0 vos projets. Disponible en vrac en options de 1, 3, 6, 9 ou 12 bottes, le Western Red Cedar est id\u00e9al pour cr\u00e9er des d\u00e9corations de f\u00eates inspir\u00e9es de la nature.<\/p>\n","protected":false},"excerpt":{"rendered":"<p>Apportez la beaut\u00e9 naturelle du Canada \u00e0 vos d\u00e9corations avec le C\u00e8dre rouge de l\u2019Ouest, un feuillage local de la Colombie-Britannique. R\u00e9put\u00e9 pour son feuillage vert luxuriant et son parfum bois\u00e9, ce feuillage est parfait pour les couronnes, guirlandes, centres de table et d\u00e9corations DIY de saison. Ses branches souples et tombantes ajoutent une touche [&hellip;]<\/p>\n","protected":false},"featured_media":99869,"comment_status":"open","ping_status":"closed","template":"","meta":{"_acf_changed":false},"recipe":[],"product_brand":[],"product_cat":[18060,18384,18383,18061],"product_tag":[],"class_list":{"0":"post-99882","1":"product","2":"type-product","3":"status-publish","4":"has-post-thumbnail","6":"product_cat-bulk-holiday-selection","7":"product_cat-fleurs-et-feuillages-de-noel","8":"product_cat-holiday-greens-and-flowers","9":"product_cat-selection-des-fetes-en-vrac","11":"first","12":"instock","13":"shipping-taxable","14":"purchasable","15":"product-type-simple"},"acf":[],"yoast_head":"<!-- This site is optimized with the Yoast SEO Premium plugin v25.2 (Yoast SEO v26.2) - https:\/\/yoast.com\/wordpress\/plugins\/seo\/ -->\n<title>C\u00e8dre rouge de l\u2019Ouest | D\u00e9corations Festives en Vrac de la C.-B.<\/title>\n<meta name=\"description\" content=\"Achetez le feuillage C\u00e8dre rouge de l\u2019Ouest en vrac, localement cultiv\u00e9 en Colombie-Britannique. Disponible en 1, 3, 6, 9 ou 12 bottes. Parfait pour couronnes, guirlandes et d\u00e9corations saisonni\u00e8res.\" \/>\n<meta name=\"robots\" content=\"index, follow, max-snippet:-1, max-image-preview:large, max-video-preview:-1\" \/>\n<link rel=\"canonical\" href=\"https:\/\/fleursenvracmtl.com\/fr\/c-b-cedre-rouge-de-louest-2\/\" \/>\n<meta property=\"og:locale\" content=\"fr_FR\" \/>\n<meta property=\"og:type\" content=\"article\" \/>\n<meta property=\"og:title\" content=\"C.B C\u00e8dre rouge de l\u2019Ouest\" \/>\n<meta property=\"og:description\" content=\"Achetez le feuillage C\u00e8dre rouge de l\u2019Ouest en vrac, localement cultiv\u00e9 en Colombie-Britannique. Disponible en 1, 3, 6, 9 ou 12 bottes. Parfait pour couronnes, guirlandes et d\u00e9corations saisonni\u00e8res.\" \/>\n<meta property=\"og:url\" content=\"https:\/\/fleursenvracmtl.com\/fr\/c-b-cedre-rouge-de-louest-2\/\" \/>\n<meta property=\"og:site_name\" content=\"Fleurs en Vrac Mtl\" \/>\n<meta property=\"article:publisher\" content=\"https:\/\/www.facebook.com\/LeBouquetMTL\/\" \/>\n<meta property=\"article:modified_time\" content=\"2025-11-09T13:55:06+00:00\" \/>\n<meta property=\"og:image\" content=\"https:\/\/fleursenvracmtl.com\/wp-content\/uploads\/2024\/11\/CED-RWE-B.C.-Western-Red-Cedar-Bunch.jpg\" \/>\n\t<meta property=\"og:image:width\" content=\"1200\" \/>\n\t<meta property=\"og:image:height\" content=\"1200\" \/>\n\t<meta property=\"og:image:type\" content=\"image\/jpeg\" \/>\n<meta name=\"twitter:card\" content=\"summary_large_image\" \/>\n<meta name=\"twitter:label1\" content=\"Prix\" \/>\n\t<meta name=\"twitter:data1\" content=\"&#036;0.00\" \/>\n\t<meta name=\"twitter:label2\" content=\"Disponibilit\u00e9\" \/>\n\t<meta name=\"twitter:data2\" content=\"En stock\" \/>\n<script type=\"application\/ld+json\" class=\"yoast-schema-graph\">{\"@context\":\"https:\/\/schema.org\",\"@graph\":[{\"@type\":\"WebPage\",\"@id\":\"https:\/\/fleursenvracmtl.com\/fr\/c-b-cedre-rouge-de-louest-2\/\",\"url\":\"https:\/\/fleursenvracmtl.com\/fr\/c-b-cedre-rouge-de-louest-2\/\",\"name\":\"C\u00e8dre rouge de l\u2019Ouest | D\u00e9corations Festives en Vrac de la C.-B.\",\"isPartOf\":{\"@id\":\"https:\/\/fleursenvracmtl.com\/en\/#website\"},\"primaryImageOfPage\":{\"@id\":\"https:\/\/fleursenvracmtl.com\/fr\/c-b-cedre-rouge-de-louest-2\/#primaryimage\"},\"image\":{\"@id\":\"https:\/\/fleursenvracmtl.com\/fr\/c-b-cedre-rouge-de-louest-2\/#primaryimage\"},\"thumbnailUrl\":\"https:\/\/fleursenvracmtl.com\/wp-content\/uploads\/2024\/11\/CED-RWE-B.C.-Western-Red-Cedar-Bunch.jpg\",\"datePublished\":\"2024-11-23T16:19:17+00:00\",\"dateModified\":\"2025-11-09T13:55:06+00:00\",\"description\":\"Achetez le feuillage C\u00e8dre rouge de l\u2019Ouest en vrac, localement cultiv\u00e9 en Colombie-Britannique. Disponible en 1, 3, 6, 9 ou 12 bottes. Parfait pour couronnes, guirlandes et d\u00e9corations saisonni\u00e8res.\",\"breadcrumb\":{\"@id\":\"https:\/\/fleursenvracmtl.com\/fr\/c-b-cedre-rouge-de-louest-2\/#breadcrumb\"},\"inLanguage\":\"fr-FR\",\"potentialAction\":[{\"@type\":\"ReadAction\",\"target\":[\"https:\/\/fleursenvracmtl.com\/fr\/c-b-cedre-rouge-de-louest-2\/\"]}]},{\"@type\":\"ImageObject\",\"inLanguage\":\"fr-FR\",\"@id\":\"https:\/\/fleursenvracmtl.com\/fr\/c-b-cedre-rouge-de-louest-2\/#primaryimage\",\"url\":\"https:\/\/fleursenvracmtl.com\/wp-content\/uploads\/2024\/11\/CED-RWE-B.C.-Western-Red-Cedar-Bunch.jpg\",\"contentUrl\":\"https:\/\/fleursenvracmtl.com\/wp-content\/uploads\/2024\/11\/CED-RWE-B.C.-Western-Red-Cedar-Bunch.jpg\",\"width\":1200,\"height\":1200,\"caption\":\"B.C.-Western-Red-Cedar-Bunch\"},{\"@type\":\"BreadcrumbList\",\"@id\":\"https:\/\/fleursenvracmtl.com\/fr\/c-b-cedre-rouge-de-louest-2\/#breadcrumb\",\"itemListElement\":[{\"@type\":\"ListItem\",\"position\":1,\"name\":\"Home\",\"item\":\"https:\/\/fleursenvracmtl.com\/fr\/\"},{\"@type\":\"ListItem\",\"position\":2,\"name\":\"Shop\",\"item\":\"https:\/\/fleursenvracmtl.com\/en\/shop\/\"},{\"@type\":\"ListItem\",\"position\":3,\"name\":\"C.B C\u00e8dre rouge de l\u2019Ouest\"}]},{\"@type\":\"WebSite\",\"@id\":\"https:\/\/fleursenvracmtl.com\/en\/#website\",\"url\":\"https:\/\/fleursenvracmtl.com\/en\/\",\"name\":\"Fleurs en Vrac MTL\",\"description\":\"Fleurs en Vrac Mtl - Bulk flower by Le Bouquet\",\"alternateName\":\"Fleurs en Vrac MTL\",\"potentialAction\":[{\"@type\":\"SearchAction\",\"target\":{\"@type\":\"EntryPoint\",\"urlTemplate\":\"https:\/\/fleursenvracmtl.com\/en\/?s={search_term_string}\"},\"query-input\":{\"@type\":\"PropertyValueSpecification\",\"valueRequired\":true,\"valueName\":\"search_term_string\"}}],\"inLanguage\":\"fr-FR\"}]}<\/script>\n<meta property=\"product:price:amount\" content=\"0.00\" \/>\n<meta property=\"product:price:currency\" content=\"CAD\" \/>\n<meta property=\"og:availability\" content=\"instock\" \/>\n<meta property=\"product:availability\" content=\"instock\" \/>\n<meta property=\"product:condition\" content=\"new\" \/>\n<!-- \/ Yoast SEO Premium plugin. -->","yoast_head_json":{"title":"C\u00e8dre rouge de l\u2019Ouest | D\u00e9corations Festives en Vrac de la C.-B.","description":"Achetez le feuillage C\u00e8dre rouge de l\u2019Ouest en vrac, localement cultiv\u00e9 en Colombie-Britannique. Disponible en 1, 3, 6, 9 ou 12 bottes. Parfait pour couronnes, guirlandes et d\u00e9corations saisonni\u00e8res.","robots":{"index":"index","follow":"follow","max-snippet":"max-snippet:-1","max-image-preview":"max-image-preview:large","max-video-preview":"max-video-preview:-1"},"canonical":"https:\/\/fleursenvracmtl.com\/fr\/c-b-cedre-rouge-de-louest-2\/","og_locale":"fr_FR","og_type":"article","og_title":"C.B C\u00e8dre rouge de l\u2019Ouest","og_description":"Achetez le feuillage C\u00e8dre rouge de l\u2019Ouest en vrac, localement cultiv\u00e9 en Colombie-Britannique. Disponible en 1, 3, 6, 9 ou 12 bottes. Parfait pour couronnes, guirlandes et d\u00e9corations saisonni\u00e8res.","og_url":"https:\/\/fleursenvracmtl.com\/fr\/c-b-cedre-rouge-de-louest-2\/","og_site_name":"Fleurs en Vrac Mtl","article_publisher":"https:\/\/www.facebook.com\/LeBouquetMTL\/","article_modified_time":"2025-11-09T13:55:06+00:00","og_image":[{"width":1200,"height":1200,"url":"https:\/\/fleursenvracmtl.com\/wp-content\/uploads\/2024\/11\/CED-RWE-B.C.-Western-Red-Cedar-Bunch.jpg","type":"image\/jpeg"}],"twitter_card":"summary_large_image","twitter_misc":{"Prix":"&#36;0.00","Disponibilit\u00e9":"En stock"},"schema":{"@context":"https:\/\/schema.org","@graph":[{"@type":"WebPage","@id":"https:\/\/fleursenvracmtl.com\/fr\/c-b-cedre-rouge-de-louest-2\/","url":"https:\/\/fleursenvracmtl.com\/fr\/c-b-cedre-rouge-de-louest-2\/","name":"C\u00e8dre rouge de l\u2019Ouest | D\u00e9corations Festives en Vrac de la C.-B.","isPartOf":{"@id":"https:\/\/fleursenvracmtl.com\/en\/#website"},"primaryImageOfPage":{"@id":"https:\/\/fleursenvracmtl.com\/fr\/c-b-cedre-rouge-de-louest-2\/#primaryimage"},"image":{"@id":"https:\/\/fleursenvracmtl.com\/fr\/c-b-cedre-rouge-de-louest-2\/#primaryimage"},"thumbnailUrl":"https:\/\/fleursenvracmtl.com\/wp-content\/uploads\/2024\/11\/CED-RWE-B.C.-Western-Red-Cedar-Bunch.jpg","datePublished":"2024-11-23T16:19:17+00:00","dateModified":"2025-11-09T13:55:06+00:00","description":"Achetez le feuillage C\u00e8dre rouge de l\u2019Ouest en vrac, localement cultiv\u00e9 en Colombie-Britannique. Disponible en 1, 3, 6, 9 ou 12 bottes. Parfait pour couronnes, guirlandes et d\u00e9corations saisonni\u00e8res.","breadcrumb":{"@id":"https:\/\/fleursenvracmtl.com\/fr\/c-b-cedre-rouge-de-louest-2\/#breadcrumb"},"inLanguage":"fr-FR","potentialAction":[{"@type":"ReadAction","target":["https:\/\/fleursenvracmtl.com\/fr\/c-b-cedre-rouge-de-louest-2\/"]}]},{"@type":"ImageObject","inLanguage":"fr-FR","@id":"https:\/\/fleursenvracmtl.com\/fr\/c-b-cedre-rouge-de-louest-2\/#primaryimage","url":"https:\/\/fleursenvracmtl.com\/wp-content\/uploads\/2024\/11\/CED-RWE-B.C.-Western-Red-Cedar-Bunch.jpg","contentUrl":"https:\/\/fleursenvracmtl.com\/wp-content\/uploads\/2024\/11\/CED-RWE-B.C.-Western-Red-Cedar-Bunch.jpg","width":1200,"height":1200,"caption":"B.C.-Western-Red-Cedar-Bunch"},{"@type":"BreadcrumbList","@id":"https:\/\/fleursenvracmtl.com\/fr\/c-b-cedre-rouge-de-louest-2\/#breadcrumb","itemListElement":[{"@type":"ListItem","position":1,"name":"Home","item":"https:\/\/fleursenvracmtl.com\/fr\/"},{"@type":"ListItem","position":2,"name":"Shop","item":"https:\/\/fleursenvracmtl.com\/en\/shop\/"},{"@type":"ListItem","position":3,"name":"C.B C\u00e8dre rouge de l\u2019Ouest"}]},{"@type":"WebSite","@id":"https:\/\/fleursenvracmtl.com\/en\/#website","url":"https:\/\/fleursenvracmtl.com\/en\/","name":"Fleurs en Vrac MTL","description":"Fleurs en Vrac Mtl - Bulk flower by Le Bouquet","alternateName":"Fleurs en Vrac MTL","potentialAction":[{"@type":"SearchAction","target":{"@type":"EntryPoint","urlTemplate":"https:\/\/fleursenvracmtl.com\/en\/?s={search_term_string}"},"query-input":{"@type":"PropertyValueSpecification","valueRequired":true,"valueName":"search_term_string"}}],"inLanguage":"fr-FR"}]},"product_price_amount":"0.00","product_price_currency":"CAD","og_availability":"instock","product_availability":"instock","product_condition":"new"},"_links":{"self":[{"href":"https:\/\/fleursenvracmtl.com\/fr\/wp-json\/wp\/v2\/product\/99882","targetHints":{"allow":["GET"]}}],"collection":[{"href":"https:\/\/fleursenvracmtl.com\/fr\/wp-json\/wp\/v2\/product"}],"about":[{"href":"https:\/\/fleursenvracmtl.com\/fr\/wp-json\/wp\/v2\/types\/product"}],"replies":[{"embeddable":true,"href":"https:\/\/fleursenvracmtl.com\/fr\/wp-json\/wp\/v2\/comments?post=99882"}],"wp:featuredmedia":[{"embeddable":true,"href":"https:\/\/fleursenvracmtl.com\/fr\/wp-json\/wp\/v2\/media\/99869"}],"wp:attachment":[{"href":"https:\/\/fleursenvracmtl.com\/fr\/wp-json\/wp\/v2\/media?parent=99882"}],"wp:term":[{"taxonomy":"recipe","embeddable":true,"href":"https:\/\/fleursenvracmtl.com\/fr\/wp-json\/wp\/v2\/recipe?post=99882"},{"taxonomy":"product_brand","embeddable":true,"href":"https:\/\/fleursenvracmtl.com\/fr\/wp-json\/wp\/v2\/product_brand?post=99882"},{"taxonomy":"product_cat","embeddable":true,"href":"https:\/\/fleursenvracmtl.com\/fr\/wp-json\/wp\/v2\/product_cat?post=99882"},{"taxonomy":"product_tag","embeddable":true,"href":"https:\/\/fleursenvracmtl.com\/fr\/wp-json\/wp\/v2\/product_tag?post=99882"}],"curies":[{"name":"wp","href":"https:\/\/api.w.org\/{rel}","templated":true}]}}