{"id":99961,"date":"2024-11-23T13:25:37","date_gmt":"2024-11-23T18:25:37","guid":{"rendered":"https:\/\/www.lebouquet.com\/larkspur-mauve-bulk-diy\/"},"modified":"2026-03-27T10:31:40","modified_gmt":"2026-03-27T14:31:40","slug":"delphiniums-larkspur-mauves","status":"publish","type":"product","link":"https:\/\/fleursenvracmtl.com\/fr\/delphiniums-larkspur-mauves\/","title":{"rendered":"Delphinium Larkspur mauve"},"content":{"rendered":"<p>Le delphinium larkspur mauve est une vari\u00e9t\u00e9 \u00e9lanc\u00e9e reconnue pour ses fleurs d\u00e9licates aux tons mauves et sa silhouette \u00e9l\u00e9gante.<\/p>\n<p>C&rsquo;est une fleur coup\u00e9e haut de gamme appr\u00e9ci\u00e9e pour sa hauteur, sa l\u00e9g\u00e8ret\u00e9 et sa couleur mauve romantique. Chaque tige est compos\u00e9e de multiples petits fleurons, apportant mouvement et finesse aux compositions florales.<\/p>\n<p>Sa forme verticale permet d\u2019ajouter hauteur et douceur aux bouquets, centres de table, d\u00e9cors de c\u00e9r\u00e9monie et installations florales de grande envergure. Tr\u00e8s populaire pour les mariages et les arrangements saisonniers, il s\u2019harmonise parfaitement avec les fleurs de jardin, les roses et les palettes pastel.<\/p>\n<p>Offert en formats en vrac et fra\u00eechement r\u00e9colt\u00e9 aupr\u00e8s de nos fermes partenaires, le delphinium Larkspur Mauve est un choix polyvalent pour les fleuristes, designers floraux et projets DIY.<\/p>\n<p>Disponible \u00e9galement en <a href=\"https:\/\/fleursenvracmtl.com\/fr\/delphiniums-sea-waltz\/\">bleu<\/a>, <a href=\"https:\/\/fleursenvracmtl.com\/fr\/delphiniums-larkspur-roses\/\">rose <\/a>et <a href=\"https:\/\/fleursenvracmtl.com\/fr\/delphiniums-larkspur-blancs\/\">blanc<\/a>.<\/p>\n<h3><strong>Caract\u00e9ristiques<\/strong><\/h3>\n<p>Type de fleur : Delphinium \/ Larkspur (vari\u00e9t\u00e9 mauve)<\/p>\n<p>Couleur : Mauve<\/p>\n<p>Longueur de tige : Environ 80 cm<\/p>\n<p>Structure : Tige haute et verticale avec plusieurs fleurons<\/p>\n<p>Id\u00e9al pour : Mariages, \u00e9v\u00e9nements, bouquets, centres de table, arrangements DIY<\/p>\n<p>Formats en vrac : 10, 30, 60, 90 ou 120 tiges<\/p>\n","protected":false},"excerpt":{"rendered":"<p>Le delphinium larkspur mauve est une vari\u00e9t\u00e9 \u00e9lanc\u00e9e reconnue pour ses fleurs d\u00e9licates aux tons mauves et sa silhouette \u00e9l\u00e9gante. C&rsquo;est une fleur coup\u00e9e haut de gamme appr\u00e9ci\u00e9e pour sa hauteur, sa l\u00e9g\u00e8ret\u00e9 et sa couleur mauve romantique. Chaque tige est compos\u00e9e de multiples petits fleurons, apportant mouvement et finesse aux compositions florales. Sa forme [&hellip;]<\/p>\n","protected":false},"featured_media":99941,"comment_status":"open","ping_status":"closed","template":"","meta":{"_acf_changed":false},"recipe":[],"product_brand":[],"product_cat":[18341,18058,18059,17169,18355],"product_tag":[],"class_list":{"0":"post-99961","1":"product","2":"type-product","3":"status-publish","4":"has-post-thumbnail","6":"product_cat-fleurs-en-vrac-par-couleur","7":"product_cat-bulk-delphinium","8":"product_cat-delphinium-en-vrac","9":"product_cat-fleurs-en-vrac","10":"product_cat-fleurs-lavande-vrac","12":"first","13":"instock","14":"shipping-taxable","15":"purchasable","16":"product-type-simple"},"acf":[],"yoast_head":"<!-- This site is optimized with the Yoast SEO Premium plugin v25.2 (Yoast SEO v26.2) - https:\/\/yoast.com\/wordpress\/plugins\/seo\/ -->\n<title>Delphinium Larkspur Mauve | Mauve Larkspur Flowers<\/title>\n<meta name=\"description\" content=\"Shop Delphinium Larkspur Mauve, a tall mauve larkspur ideal for weddings, events, and elegant floral arrangements.\" \/>\n<meta name=\"robots\" content=\"index, follow, max-snippet:-1, max-image-preview:large, max-video-preview:-1\" \/>\n<link rel=\"canonical\" href=\"https:\/\/fleursenvracmtl.com\/fr\/delphiniums-larkspur-mauves\/\" \/>\n<meta property=\"og:locale\" content=\"fr_FR\" \/>\n<meta property=\"og:type\" content=\"article\" \/>\n<meta property=\"og:title\" content=\"Delphinium Larkspur mauve\" \/>\n<meta property=\"og:description\" content=\"Shop Delphinium Larkspur Mauve, a tall mauve larkspur ideal for weddings, events, and elegant floral arrangements.\" \/>\n<meta property=\"og:url\" content=\"https:\/\/fleursenvracmtl.com\/fr\/delphiniums-larkspur-mauves\/\" \/>\n<meta property=\"og:site_name\" content=\"Fleurs en Vrac Mtl\" \/>\n<meta property=\"article:publisher\" content=\"https:\/\/www.facebook.com\/LeBouquetMTL\/\" \/>\n<meta property=\"article:modified_time\" content=\"2026-03-27T14:31:40+00:00\" \/>\n<meta property=\"og:image\" content=\"https:\/\/fleursenvracmtl.com\/wp-content\/uploads\/2024\/11\/LAR-MA-Larkspur-Mauve-Bunch.jpg\" \/>\n\t<meta property=\"og:image:width\" content=\"1200\" \/>\n\t<meta property=\"og:image:height\" content=\"1200\" \/>\n\t<meta property=\"og:image:type\" content=\"image\/jpeg\" \/>\n<meta name=\"twitter:card\" content=\"summary_large_image\" \/>\n<meta name=\"twitter:label1\" content=\"Prix\" \/>\n\t<meta name=\"twitter:data1\" content=\"&#036;0.00\" \/>\n\t<meta name=\"twitter:label2\" content=\"Disponibilit\u00e9\" \/>\n\t<meta name=\"twitter:data2\" content=\"En stock\" \/>\n<script type=\"application\/ld+json\" class=\"yoast-schema-graph\">{\"@context\":\"https:\/\/schema.org\",\"@graph\":[{\"@type\":\"WebPage\",\"@id\":\"https:\/\/fleursenvracmtl.com\/fr\/delphiniums-larkspur-mauves\/\",\"url\":\"https:\/\/fleursenvracmtl.com\/fr\/delphiniums-larkspur-mauves\/\",\"name\":\"Delphinium Larkspur Mauve | Mauve Larkspur Flowers\",\"isPartOf\":{\"@id\":\"https:\/\/fleursenvracmtl.com\/en\/#website\"},\"primaryImageOfPage\":{\"@id\":\"https:\/\/fleursenvracmtl.com\/fr\/delphiniums-larkspur-mauves\/#primaryimage\"},\"image\":{\"@id\":\"https:\/\/fleursenvracmtl.com\/fr\/delphiniums-larkspur-mauves\/#primaryimage\"},\"thumbnailUrl\":\"https:\/\/fleursenvracmtl.com\/wp-content\/uploads\/2024\/11\/LAR-MA-Larkspur-Mauve-Bunch.jpg\",\"datePublished\":\"2024-11-23T18:25:37+00:00\",\"dateModified\":\"2026-03-27T14:31:40+00:00\",\"description\":\"Shop Delphinium Larkspur Mauve, a tall mauve larkspur ideal for weddings, events, and elegant floral arrangements.\",\"breadcrumb\":{\"@id\":\"https:\/\/fleursenvracmtl.com\/fr\/delphiniums-larkspur-mauves\/#breadcrumb\"},\"inLanguage\":\"fr-FR\",\"potentialAction\":[{\"@type\":\"ReadAction\",\"target\":[\"https:\/\/fleursenvracmtl.com\/fr\/delphiniums-larkspur-mauves\/\"]}]},{\"@type\":\"ImageObject\",\"inLanguage\":\"fr-FR\",\"@id\":\"https:\/\/fleursenvracmtl.com\/fr\/delphiniums-larkspur-mauves\/#primaryimage\",\"url\":\"https:\/\/fleursenvracmtl.com\/wp-content\/uploads\/2024\/11\/LAR-MA-Larkspur-Mauve-Bunch.jpg\",\"contentUrl\":\"https:\/\/fleursenvracmtl.com\/wp-content\/uploads\/2024\/11\/LAR-MA-Larkspur-Mauve-Bunch.jpg\",\"width\":1200,\"height\":1200,\"caption\":\"Delphinium Larkspur Mauve Bulk DIY\"},{\"@type\":\"BreadcrumbList\",\"@id\":\"https:\/\/fleursenvracmtl.com\/fr\/delphiniums-larkspur-mauves\/#breadcrumb\",\"itemListElement\":[{\"@type\":\"ListItem\",\"position\":1,\"name\":\"Home\",\"item\":\"https:\/\/fleursenvracmtl.com\/fr\/\"},{\"@type\":\"ListItem\",\"position\":2,\"name\":\"Shop\",\"item\":\"https:\/\/fleursenvracmtl.com\/en\/shop\/\"},{\"@type\":\"ListItem\",\"position\":3,\"name\":\"Delphinium Larkspur mauve\"}]},{\"@type\":\"WebSite\",\"@id\":\"https:\/\/fleursenvracmtl.com\/en\/#website\",\"url\":\"https:\/\/fleursenvracmtl.com\/en\/\",\"name\":\"Fleurs en Vrac MTL\",\"description\":\"Fleurs en Vrac Mtl - Bulk flower by Le Bouquet\",\"alternateName\":\"Fleurs en Vrac MTL\",\"potentialAction\":[{\"@type\":\"SearchAction\",\"target\":{\"@type\":\"EntryPoint\",\"urlTemplate\":\"https:\/\/fleursenvracmtl.com\/en\/?s={search_term_string}\"},\"query-input\":{\"@type\":\"PropertyValueSpecification\",\"valueRequired\":true,\"valueName\":\"search_term_string\"}}],\"inLanguage\":\"fr-FR\"}]}<\/script>\n<meta property=\"product:price:amount\" content=\"0.00\" \/>\n<meta property=\"product:price:currency\" content=\"CAD\" \/>\n<meta property=\"og:availability\" content=\"instock\" \/>\n<meta property=\"product:availability\" content=\"instock\" \/>\n<meta property=\"product:condition\" content=\"new\" \/>\n<!-- \/ Yoast SEO Premium plugin. -->","yoast_head_json":{"title":"Delphinium Larkspur Mauve | Mauve Larkspur Flowers","description":"Shop Delphinium Larkspur Mauve, a tall mauve larkspur ideal for weddings, events, and elegant floral arrangements.","robots":{"index":"index","follow":"follow","max-snippet":"max-snippet:-1","max-image-preview":"max-image-preview:large","max-video-preview":"max-video-preview:-1"},"canonical":"https:\/\/fleursenvracmtl.com\/fr\/delphiniums-larkspur-mauves\/","og_locale":"fr_FR","og_type":"article","og_title":"Delphinium Larkspur mauve","og_description":"Shop Delphinium Larkspur Mauve, a tall mauve larkspur ideal for weddings, events, and elegant floral arrangements.","og_url":"https:\/\/fleursenvracmtl.com\/fr\/delphiniums-larkspur-mauves\/","og_site_name":"Fleurs en Vrac Mtl","article_publisher":"https:\/\/www.facebook.com\/LeBouquetMTL\/","article_modified_time":"2026-03-27T14:31:40+00:00","og_image":[{"width":1200,"height":1200,"url":"https:\/\/fleursenvracmtl.com\/wp-content\/uploads\/2024\/11\/LAR-MA-Larkspur-Mauve-Bunch.jpg","type":"image\/jpeg"}],"twitter_card":"summary_large_image","twitter_misc":{"Prix":"&#36;0.00","Disponibilit\u00e9":"En stock"},"schema":{"@context":"https:\/\/schema.org","@graph":[{"@type":"WebPage","@id":"https:\/\/fleursenvracmtl.com\/fr\/delphiniums-larkspur-mauves\/","url":"https:\/\/fleursenvracmtl.com\/fr\/delphiniums-larkspur-mauves\/","name":"Delphinium Larkspur Mauve | Mauve Larkspur Flowers","isPartOf":{"@id":"https:\/\/fleursenvracmtl.com\/en\/#website"},"primaryImageOfPage":{"@id":"https:\/\/fleursenvracmtl.com\/fr\/delphiniums-larkspur-mauves\/#primaryimage"},"image":{"@id":"https:\/\/fleursenvracmtl.com\/fr\/delphiniums-larkspur-mauves\/#primaryimage"},"thumbnailUrl":"https:\/\/fleursenvracmtl.com\/wp-content\/uploads\/2024\/11\/LAR-MA-Larkspur-Mauve-Bunch.jpg","datePublished":"2024-11-23T18:25:37+00:00","dateModified":"2026-03-27T14:31:40+00:00","description":"Shop Delphinium Larkspur Mauve, a tall mauve larkspur ideal for weddings, events, and elegant floral arrangements.","breadcrumb":{"@id":"https:\/\/fleursenvracmtl.com\/fr\/delphiniums-larkspur-mauves\/#breadcrumb"},"inLanguage":"fr-FR","potentialAction":[{"@type":"ReadAction","target":["https:\/\/fleursenvracmtl.com\/fr\/delphiniums-larkspur-mauves\/"]}]},{"@type":"ImageObject","inLanguage":"fr-FR","@id":"https:\/\/fleursenvracmtl.com\/fr\/delphiniums-larkspur-mauves\/#primaryimage","url":"https:\/\/fleursenvracmtl.com\/wp-content\/uploads\/2024\/11\/LAR-MA-Larkspur-Mauve-Bunch.jpg","contentUrl":"https:\/\/fleursenvracmtl.com\/wp-content\/uploads\/2024\/11\/LAR-MA-Larkspur-Mauve-Bunch.jpg","width":1200,"height":1200,"caption":"Delphinium Larkspur Mauve Bulk DIY"},{"@type":"BreadcrumbList","@id":"https:\/\/fleursenvracmtl.com\/fr\/delphiniums-larkspur-mauves\/#breadcrumb","itemListElement":[{"@type":"ListItem","position":1,"name":"Home","item":"https:\/\/fleursenvracmtl.com\/fr\/"},{"@type":"ListItem","position":2,"name":"Shop","item":"https:\/\/fleursenvracmtl.com\/en\/shop\/"},{"@type":"ListItem","position":3,"name":"Delphinium Larkspur mauve"}]},{"@type":"WebSite","@id":"https:\/\/fleursenvracmtl.com\/en\/#website","url":"https:\/\/fleursenvracmtl.com\/en\/","name":"Fleurs en Vrac MTL","description":"Fleurs en Vrac Mtl - Bulk flower by Le Bouquet","alternateName":"Fleurs en Vrac MTL","potentialAction":[{"@type":"SearchAction","target":{"@type":"EntryPoint","urlTemplate":"https:\/\/fleursenvracmtl.com\/en\/?s={search_term_string}"},"query-input":{"@type":"PropertyValueSpecification","valueRequired":true,"valueName":"search_term_string"}}],"inLanguage":"fr-FR"}]},"product_price_amount":"0.00","product_price_currency":"CAD","og_availability":"instock","product_availability":"instock","product_condition":"new"},"_links":{"self":[{"href":"https:\/\/fleursenvracmtl.com\/fr\/wp-json\/wp\/v2\/product\/99961","targetHints":{"allow":["GET"]}}],"collection":[{"href":"https:\/\/fleursenvracmtl.com\/fr\/wp-json\/wp\/v2\/product"}],"about":[{"href":"https:\/\/fleursenvracmtl.com\/fr\/wp-json\/wp\/v2\/types\/product"}],"replies":[{"embeddable":true,"href":"https:\/\/fleursenvracmtl.com\/fr\/wp-json\/wp\/v2\/comments?post=99961"}],"wp:featuredmedia":[{"embeddable":true,"href":"https:\/\/fleursenvracmtl.com\/fr\/wp-json\/wp\/v2\/media\/99941"}],"wp:attachment":[{"href":"https:\/\/fleursenvracmtl.com\/fr\/wp-json\/wp\/v2\/media?parent=99961"}],"wp:term":[{"taxonomy":"recipe","embeddable":true,"href":"https:\/\/fleursenvracmtl.com\/fr\/wp-json\/wp\/v2\/recipe?post=99961"},{"taxonomy":"product_brand","embeddable":true,"href":"https:\/\/fleursenvracmtl.com\/fr\/wp-json\/wp\/v2\/product_brand?post=99961"},{"taxonomy":"product_cat","embeddable":true,"href":"https:\/\/fleursenvracmtl.com\/fr\/wp-json\/wp\/v2\/product_cat?post=99961"},{"taxonomy":"product_tag","embeddable":true,"href":"https:\/\/fleursenvracmtl.com\/fr\/wp-json\/wp\/v2\/product_tag?post=99961"}],"curies":[{"name":"wp","href":"https:\/\/api.w.org\/{rel}","templated":true}]}}